{"id":10084,"date":"2024-02-18T21:45:14","date_gmt":"2024-02-18T20:45:14","guid":{"rendered":"https:\/\/www.feuerwehr-attendorn.de\/www\/?page_id=10084"},"modified":"2026-04-20T11:50:55","modified_gmt":"2026-04-20T09:50:55","slug":"11-motorradtreffen-vom-26-06-28-06-2026","status":"publish","type":"page","link":"https:\/\/www.feuerwehr-attendorn.de\/www\/die-feuerwehr-attendorn\/11-motorradtreffen-vom-26-06-28-06-2026\/","title":{"rendered":"11. Motorradtreffen vom 26.06. &#8211; 28.06.2026"},"content":{"rendered":"\n<p>Bereits zum elften Mal findet im s\u00fcdsauerl\u00e4ndischen Attendorn ein Motorradtreffen im Rahmen des Feuerwehrfestes statt. Wie zuletzt starten wir bereits am <strong>Freitag, den 26.06.2026<\/strong> mit einem Welcome Day.<\/p>\n\n\n\n<p>Eine Liste der angebotenen Unterk\u00fcnfte, mit angeschlossenem, kostenlosen Shuttle Service durch die Veranstalter am Freitag und Samstag, finden Sie am Ende der Seite.<\/p>\n\n\n\n<figure class=\"wp-block-image size-large\"><img loading=\"lazy\" decoding=\"async\" width=\"1536\" height=\"864\" src=\"https:\/\/www.feuerwehr-attendorn.de\/www\/wp-content\/uploads\/2026\/04\/dffca7f1-c83e-4439-b999-5ce8da94850c-edited.png\" alt=\"\" class=\"wp-image-10844\" srcset=\"https:\/\/www.feuerwehr-attendorn.de\/www\/wp-content\/uploads\/2026\/04\/dffca7f1-c83e-4439-b999-5ce8da94850c-edited.png 1536w, https:\/\/www.feuerwehr-attendorn.de\/www\/wp-content\/uploads\/2026\/04\/dffca7f1-c83e-4439-b999-5ce8da94850c-edited-300x169.png 300w, https:\/\/www.feuerwehr-attendorn.de\/www\/wp-content\/uploads\/2026\/04\/dffca7f1-c83e-4439-b999-5ce8da94850c-edited-1024x576.png 1024w, https:\/\/www.feuerwehr-attendorn.de\/www\/wp-content\/uploads\/2026\/04\/dffca7f1-c83e-4439-b999-5ce8da94850c-edited-768x432.png 768w\" sizes=\"auto, (max-width: 1536px) 100vw, 1536px\" \/><\/figure>\n\n\n\n<p>Eine Liste der angebotenen Unterk\u00fcnfte, mit angeschlossenem, kostenlosen Shuttle Service durch die Veranstalter am Freitag und Samstag, finden Sie am Ende der Seite.<\/p>\n\n\n\n<h3 class=\"wp-block-heading\"><strong>Freitag, 26.06.2026 &#8211; Welcome Day<\/strong><\/h3>\n\n\n\n<p>Anreise zu den eigenst\u00e4ndig gebuchten Unterk\u00fcnften (Maximale Entfernung zum Stadtkern Attendorn 14 km). Abholung durch den Shuttle Service erfolgt, wenn gew\u00fcnscht und abgesprochen, ab 18:30 Uhr zum Feuerwehrhaus Attendorn. Dort ab 19:00 Uhr Welcome-Umtrunk mit Kleinigkeiten vom Grill. Die R\u00fcckfahrt findet gegen 22:00 Uhr statt. Der Shuttle Service erfolgt kostenlos.<\/p>\n\n\n\n<h3 class=\"wp-block-heading\"><strong>Samstag, 27.06.2026 &#8211; gef\u00fchrte Rundfahrt, abends Feuerwehrfest<\/strong><\/h3>\n\n\n\n<p>Am 27.06.2024 um <strong>10 Uhr treffen auf dem Gro\u00dfraumparkplatz an der Aral Tankstelle L697<\/strong> (Richtung Helden).<\/p>\n\n\n\n<p><\/p>\n\n\n<div class=\"wp-block-image\">\n<figure class=\"aligncenter\"><img decoding=\"async\" src=\"https:\/\/www.feuerwehr-attendorn.de\/wordpress\/wp-content\/uploads\/2022\/05\/20180623_172125-678x381.jpg\" alt=\"\" class=\"wp-image-7047\"\/><\/figure>\n<\/div>\n\n\n<p><\/p>\n\n\n\n<p>Fahrzeuge (voll getankt) und Fahrer\/Beifahrer befinden sich in einem verkehrssicheren Zustand. <strong>Abfahrt dort um 10:15 Uhr.<\/strong><\/p>\n\n\n\n<p>Gefahren wird in kleinen, gef\u00fchrten Gruppen. Ankunft am Feuerwehrhaus Attendorn gegen 17 Uhr.<br><strong>Ab 18 Uhr erfolgt, wenn abgesprochen, der kostenlose Shuttle Service von den Unterk\u00fcnften zum Feuerwehrhaus nach Attendorn.<\/strong> Dort steigt das Feuerwehrfest mit Live Musik, kulinarischen Gen\u00fcssen und einem gro\u00dfen Feuerwerk. <strong>Kostenloser Shuttle Service zur\u00fcck zu den Unterk\u00fcnften bis max. 1 Uhr.<\/strong><\/p>\n\n\n\n<h3 class=\"wp-block-heading\"><strong>Sonntag, 28.06.2026 &#8211; Feuerwehrfest Tag 2 &#8211; kleine Jubil\u00e4umsausfahrt &#8211; und Abreise<\/strong><\/h3>\n\n\n\n<p>Am Sonntag findet am Feuerwehrhaus Attendorn der 2.Tag des Feuerwehrfestes incl.  Gottesdienst um 10:30 Uhr, Fr\u00fchschoppen mit Live Musik, Erbsensuppe aus der Feldk\u00fcche, Kaffee und Kuchen und weiteren Highlights statt. Das Feuerwehrmuseum Attendorn ist am Samstag und am Sonntag bei kostenlosen Eintritt ge\u00f6ffnet.<\/p>\n\n\n\n<p><strong>Anmeldungen<\/strong> bitte per Mail an: <a href=\"mailto:b.zeppenfeld@feuerwehr-attendorn.de\">b.zeppenfeld@feuerwehr-attendorn.de<\/a>oder unter Mobil: 0151 20334003 unter Angabe: <strong>Name; Teilnahmezeitraum; Anzahl der Teilnehmer und Anzahl Motorr\u00e4der f\u00fcr die Ausfahrt.<\/strong><\/p>\n\n\n\n<p><\/p>\n\n\n\n<h3 class=\"wp-block-heading\">\u00dcbersicht m\u00f6glicher Unterk\u00fcnfte<\/h3>\n\n\n\n<p>Pension G\u00f6bel in Niederhelden<\/p>\n\n\n\n<p><a href=\"https:\/\/pensiongoebel.de\/\">https:\/\/pensiongoebel.de\/<\/a><\/p>\n\n\n\n<p>Hotel Rauch<\/p>\n\n\n\n<p><a href=\"https:\/\/www.hotel-rauch.de\/\">https:\/\/www.hotel-rauch.de\/<\/a><\/p>\n\n\n\n<p>HANSE HOTEL<\/p>\n\n\n\n<p><a href=\"https:\/\/www.hansehotel-attendorn.de\/\">https:\/\/www.hansehotel-attendorn.de\/<\/a><\/p>\n\n\n\n<p>Pension Scharioth<\/p>\n\n\n\n<p><a href=\"http:\/\/www.pension-scharioth.de\/\">http:\/\/www.pension-scharioth.de\/<\/a><\/p>\n\n\n\n<p>Jugendherberge Biggesee<\/p>\n\n\n\n<p><a href=\"https:\/\/www.jugendherberge.de\/jugendherbergen\/biggesee\/?utm_source=gmb&amp;utm_medium=organic&amp;utm_campaign=gmb_traffic\">https:\/\/www.jugendherberge.de\/jugendherbergen\/biggesee\/?utm_source=gmb&amp;utm_medium=organic&amp;utm_campaign=gmb_traffic<\/a><\/p>\n\n\n\n<p>EURO PARCS Waldenburg<\/p>\n\n\n\n<p><a href=\"https:\/\/www.europarcs.de\/ferienparks\/deutschland\/nordrhein-westfalen\/biggesee\">https:\/\/www.europarcs.de\/ferienparks\/deutschland\/nordrhein-westfalen\/biggesee<\/a><\/p>\n\n\n\n<p>Campingplatz Hof Biggen<\/p>\n\n\n\n<p><a href=\"https:\/\/www.biggen.de\/\">https:\/\/www.biggen.de\/<\/a><\/p>\n\n\n\n<p><\/p>\n\n\n\n<p>Weitere Beispiele auf der Homepage der Hansestadt Attendorn<\/p>\n","protected":false},"excerpt":{"rendered":"<p>Bereits zum elften Mal findet im s\u00fcdsauerl\u00e4ndischen Attendorn ein Motorradtreffen im Rahmen des Feuerwehrfestes statt. Wie zuletzt starten wir bereits am Freitag, den 26.06.2026 mit einem Welcome Day. Eine Liste der angebotenen Unterk\u00fcnfte, mit angeschlossenem, kostenlosen Shuttle Service durch die&hellip;<\/p>\n","protected":false},"author":4,"featured_media":0,"parent":9602,"menu_order":0,"comment_status":"closed","ping_status":"closed","template":"","meta":{"pgc_sgb_lightbox_settings":"","cybocfi_hide_featured_image":"","footnotes":""},"class_list":["post-10084","page","type-page","status-publish","hentry"],"_links":{"self":[{"href":"https:\/\/www.feuerwehr-attendorn.de\/www\/wp-json\/wp\/v2\/pages\/10084","targetHints":{"allow":["GET"]}}],"collection":[{"href":"https:\/\/www.feuerwehr-attendorn.de\/www\/wp-json\/wp\/v2\/pages"}],"about":[{"href":"https:\/\/www.feuerwehr-attendorn.de\/www\/wp-json\/wp\/v2\/types\/page"}],"author":[{"embeddable":true,"href":"https:\/\/www.feuerwehr-attendorn.de\/www\/wp-json\/wp\/v2\/users\/4"}],"replies":[{"embeddable":true,"href":"https:\/\/www.feuerwehr-attendorn.de\/www\/wp-json\/wp\/v2\/comments?post=10084"}],"version-history":[{"count":13,"href":"https:\/\/www.feuerwehr-attendorn.de\/www\/wp-json\/wp\/v2\/pages\/10084\/revisions"}],"predecessor-version":[{"id":10845,"href":"https:\/\/www.feuerwehr-attendorn.de\/www\/wp-json\/wp\/v2\/pages\/10084\/revisions\/10845"}],"up":[{"embeddable":true,"href":"https:\/\/www.feuerwehr-attendorn.de\/www\/wp-json\/wp\/v2\/pages\/9602"}],"wp:attachment":[{"href":"https:\/\/www.feuerwehr-attendorn.de\/www\/wp-json\/wp\/v2\/media?parent=10084"}],"curies":[{"name":"wp","href":"https:\/\/api.w.org\/{rel}","templated":true}]}}