{"id":9660,"date":"2023-12-08T19:30:35","date_gmt":"2023-12-08T18:30:35","guid":{"rendered":"https:\/\/www.feuerwehr-attendorn.de\/www\/?page_id=9660"},"modified":"2023-12-11T06:30:16","modified_gmt":"2023-12-11T05:30:16","slug":"ihre-ansprechpartner","status":"publish","type":"page","link":"https:\/\/www.feuerwehr-attendorn.de\/www\/die-feuerwehr-attendorn\/ihre-ansprechpartner\/","title":{"rendered":"Ihre Ansprechpartner"},"content":{"rendered":"\n<h3 class=\"wp-block-heading\">Ihre Ansprechpartner<\/h3>\n\n\n\n<p>Auf dieser Seite finden Sie Informationen zu Ansprechpartnern bei der Attendorner Feuerwehr. Die Ansprechpartner Ihrer Feuerwehreinheiten vor Ort finden Sie in der Rubrik <a href=\"https:\/\/www.feuerwehr-attendorn.de\/www\/die-feuerwehr-attendorn\/standorte\/\" data-type=\"page\" data-id=\"9604\">Standorte<\/a>.<\/p>\n\n\n\n<p><strong>In Notf\u00e4llen w\u00e4hlen Sie bitte immer die Notrufnummer 112.<\/strong><\/p>\n\n\n\n<ul class=\"wp-block-list\">\n<li>Administrative \/ organisatorische Fragen beantwortet die <a href=\"#leiterfeuerwehr\">Leitung der Feuerwehr<\/a>.<\/li>\n\n\n\n<li>Anfragen zum Einsatzgeschehen oder zu anderen T\u00e4tigkeiten der Feuerwehr richten Sie bitte an die <a href=\"#pressestelle\">Pressestelle<\/a>.<\/li>\n<\/ul>\n\n\n\n<h3 class=\"wp-block-heading\" id=\"leiterfeuerwehr\">Leitung der Feuerwehr<\/h3>\n\n\n\n<div class=\"wp-block-media-text is-stacked-on-mobile\" style=\"grid-template-columns:15% auto\"><figure class=\"wp-block-media-text__media\"><img loading=\"lazy\" decoding=\"async\" width=\"200\" height=\"299\" src=\"https:\/\/www.feuerwehr-attendorn.de\/www\/wp-content\/uploads\/2023\/12\/ldf_bock.jpg\" alt=\"\" class=\"wp-image-9662 size-full\"\/><\/figure><div class=\"wp-block-media-text__content\">\n<h4 class=\"wp-block-heading\">StBI Dr. Tobias Bock<\/h4>\n\n\n\n<p><strong>Leiter der Feuerwehr<\/strong><\/p>\n\n\n\n<p>Tel.: +49 171 \/ 565 725 7<br>E-Mail: <a href=\"mailto:t.bock@feuerwehr-attendorn.de\">t.bock@feuerwehr-attendorn.de<\/a><\/p>\n<\/div><\/div>\n\n\n\n<div class=\"wp-block-media-text is-stacked-on-mobile\" style=\"grid-template-columns:15% auto\"><figure class=\"wp-block-media-text__media\"><img loading=\"lazy\" decoding=\"async\" width=\"200\" height=\"299\" src=\"https:\/\/www.feuerwehr-attendorn.de\/www\/wp-content\/uploads\/2023\/12\/ldf_heuel.jpg\" alt=\"\" class=\"wp-image-9666 size-full\"\/><\/figure><div class=\"wp-block-media-text__content\">\n<h4 class=\"wp-block-heading\">StBI Peter Heuel<\/h4>\n\n\n\n<p><strong>stv. Leiter der Feuerwehr<\/strong><\/p>\n\n\n\n<p>Tel.: +49 171 \/ 275 556 0<br>E-Mail: <a href=\"mailto:p.heuel@feuerwehr-attendorn.de\">p.heuel@feuerwehr-attendorn.de<\/a><\/p>\n<\/div><\/div>\n\n\n\n<div class=\"wp-block-media-text is-stacked-on-mobile\" style=\"grid-template-columns:15% auto\"><figure class=\"wp-block-media-text__media\"><img loading=\"lazy\" decoding=\"async\" width=\"200\" height=\"299\" src=\"https:\/\/www.feuerwehr-attendorn.de\/www\/wp-content\/uploads\/2023\/12\/ldf_schmidt.jpg\" alt=\"\" class=\"wp-image-9667 size-full\"\/><\/figure><div class=\"wp-block-media-text__content\">\n<h4 class=\"wp-block-heading\">StBI Frank Schmidt<\/h4>\n\n\n\n<p><strong>stv. Leiter der Feuerwehr<\/strong><\/p>\n\n\n\n<p>Tel.: +49 170 \/ 524 053 6<br>E-Mail: <a href=\"mailto:f.schmidt@feuerwehr-attendorn.de\">f.schmidt@feuerwehr-attendorn.de<\/a><\/p>\n<\/div><\/div>\n\n\n\n<hr class=\"wp-block-separator has-alpha-channel-opacity\"\/>\n\n\n\n<h3 class=\"wp-block-heading\" id=\"pressestelle\">Pressestelle<\/h3>\n\n\n\n<p>Die Pressestelle der Feuerwehr Attendorn steht Ihnen f\u00fcr Anfragen, die die T\u00e4tigkeit der Feuerwehr Attendorn betreffen, jederzeit zur Verf\u00fcgung. Dies betrifft insbesondere Anfragen zum laufenden Einsatzgeschehen. F\u00fcr dringende Anfragen per E-Mail verwenden Sie bitte vorzugsweise die E-Mail-Adresse&nbsp;<a href=\"mailto:pressestelle@feuerwehr-attendorn.de\">pressestelle@feuerwehr-attendorn.de<\/a>.<\/p>\n\n\n\n<div class=\"wp-block-media-text is-stacked-on-mobile\" style=\"grid-template-columns:15% auto\"><figure class=\"wp-block-media-text__media\"><img loading=\"lazy\" decoding=\"async\" width=\"200\" height=\"299\" src=\"https:\/\/www.feuerwehr-attendorn.de\/www\/wp-content\/uploads\/2023\/12\/presse_schnatz.jpg\" alt=\"\" class=\"wp-image-9669 size-full\"\/><\/figure><div class=\"wp-block-media-text__content\">\n<h4 class=\"wp-block-heading\">HBM Christian Schnatz<\/h4>\n\n\n\n<p><strong>Pressesprecher<\/strong><\/p>\n\n\n\n<p>Tel.: +49 151 \/ 617 162 81<br>E-Mail: <a href=\"mailto:c.schnatz@feuerwehr-attendorn.de\">c.schnatz@feuerwehr-attendorn.de<\/a><\/p>\n\n\n\n<ul class=\"wp-block-list\">\n<li>Pressebetreuung an Einsatzstellen<\/li>\n\n\n\n<li>Koordination aller Marketing-Ma\u00dfnahmen<\/li>\n\n\n\n<li>Kontaktperson f\u00fcr alle Medienvertreter<\/li>\n<\/ul>\n<\/div><\/div>\n\n\n\n<div class=\"wp-block-media-text is-stacked-on-mobile\" style=\"grid-template-columns:15% auto\"><figure class=\"wp-block-media-text__media\"><img loading=\"lazy\" decoding=\"async\" width=\"200\" height=\"299\" src=\"https:\/\/www.feuerwehr-attendorn.de\/www\/wp-content\/uploads\/2023\/12\/presse_klein.jpg\" alt=\"\" class=\"wp-image-9670 size-full\"\/><\/figure><div class=\"wp-block-media-text__content\">\n<h4 class=\"wp-block-heading\">StBI Sascha Klein<\/h4>\n\n\n\n<p><strong>Pressesprecher<\/strong><\/p>\n\n\n\n<p>Tel.: +49 152 \/ 535 528 47<br>E-Mail: <a href=\"mailto:s.klein@feuerwehr-attendorn.de\">s.klein@feuerwehr-attendorn.de<\/a><\/p>\n\n\n\n<ul class=\"wp-block-list\">\n<li>Pressebetreuung an Einsatzstellen<\/li>\n\n\n\n<li>Entwurf von Digital- und Printmedien<\/li>\n\n\n\n<li>Ver\u00f6ffentlichung von Einsatzberichten<\/li>\n<\/ul>\n<\/div><\/div>\n","protected":false},"excerpt":{"rendered":"<p>Ihre Ansprechpartner Auf dieser Seite finden Sie Informationen zu Ansprechpartnern bei der Attendorner Feuerwehr. Die Ansprechpartner Ihrer Feuerwehreinheiten vor Ort finden Sie in der Rubrik Standorte. In Notf\u00e4llen w\u00e4hlen Sie bitte immer die Notrufnummer 112. Leitung der Feuerwehr StBI Dr.&hellip;<\/p>\n","protected":false},"author":1,"featured_media":0,"parent":9602,"menu_order":0,"comment_status":"closed","ping_status":"closed","template":"","meta":{"pgc_sgb_lightbox_settings":"","cybocfi_hide_featured_image":"","footnotes":""},"class_list":["post-9660","page","type-page","status-publish","hentry"],"_links":{"self":[{"href":"https:\/\/www.feuerwehr-attendorn.de\/www\/wp-json\/wp\/v2\/pages\/9660","targetHints":{"allow":["GET"]}}],"collection":[{"href":"https:\/\/www.feuerwehr-attendorn.de\/www\/wp-json\/wp\/v2\/pages"}],"about":[{"href":"https:\/\/www.feuerwehr-attendorn.de\/www\/wp-json\/wp\/v2\/types\/page"}],"author":[{"embeddable":true,"href":"https:\/\/www.feuerwehr-attendorn.de\/www\/wp-json\/wp\/v2\/users\/1"}],"replies":[{"embeddable":true,"href":"https:\/\/www.feuerwehr-attendorn.de\/www\/wp-json\/wp\/v2\/comments?post=9660"}],"version-history":[{"count":12,"href":"https:\/\/www.feuerwehr-attendorn.de\/www\/wp-json\/wp\/v2\/pages\/9660\/revisions"}],"predecessor-version":[{"id":9870,"href":"https:\/\/www.feuerwehr-attendorn.de\/www\/wp-json\/wp\/v2\/pages\/9660\/revisions\/9870"}],"up":[{"embeddable":true,"href":"https:\/\/www.feuerwehr-attendorn.de\/www\/wp-json\/wp\/v2\/pages\/9602"}],"wp:attachment":[{"href":"https:\/\/www.feuerwehr-attendorn.de\/www\/wp-json\/wp\/v2\/media?parent=9660"}],"curies":[{"name":"wp","href":"https:\/\/api.w.org\/{rel}","templated":true}]}}