{"id":9681,"date":"2023-12-08T20:03:37","date_gmt":"2023-12-08T19:03:37","guid":{"rendered":"https:\/\/www.feuerwehr-attendorn.de\/www\/?page_id=9681"},"modified":"2025-12-11T15:05:12","modified_gmt":"2025-12-11T14:05:12","slug":"kinderfeuerwehr","status":"publish","type":"page","link":"https:\/\/www.feuerwehr-attendorn.de\/www\/kinderfeuerwehr\/","title":{"rendered":"Kinderfeuerwehr"},"content":{"rendered":"\n<h3 class=\"wp-block-heading\">Kinderfeuerwehr<\/h3>\n\n\n\n<p>Die Kinderfeuerwehr ist die Nachwuchsorganisation der Freiwilligen Feuerwehr Attendorn f\u00fcr die j\u00fcngsten Feuerwehrfans. M\u00e4dchen und Jungen aus dem gesamten Stadtgebiet Attendorn im Alter von 6 bis 10 Jahren k\u00f6nnen hier mitmachen \u2013 unabh\u00e4ngig von Herkunft, Nationalit\u00e4t oder Religion.<\/p>\n\n\n\n<p>Aktuell besteht die Kinderfeuerwehr aus Kindern aus dem gesamten Stadtgebiet und trifft sich zentral am Ger\u00e4tehaus des L\u00f6schzuges Attendorn.<br>Ab Januar 2026 wird die Kinderfeuerwehr in zwei Z\u00fcge gegliedert.<\/p>\n\n\n\n<hr class=\"wp-block-separator has-alpha-channel-opacity\"\/>\n\n\n\n<h3 class=\"wp-block-heading\">Was macht die Kinderfeuerwehr?<\/h3>\n\n\n\n<p>Die Kinderfeuerwehr trifft sich in der Regel einmal im Monat zu spannenden Aktionen und \u00dcbungen.<br>Dabei lernen die Kinder spielerisch die Feuerwehr kennen:<\/p>\n\n\n\n<ul class=\"wp-block-list\">\n<li>Wie funktioniert ein Feuerwehrauto?<\/li>\n\n\n\n<li>Welche Aufgaben hat die Feuerwehr?<\/li>\n\n\n\n<li>Wie verh\u00e4lt man sich im Notfall?<\/li>\n<\/ul>\n\n\n\n<p>Neben Feuerwehrwissen gibt es viele tolle Aktivit\u00e4ten wie Basteln, Spiele, Ausfl\u00fcge und gemeinsame Aktionen. Spa\u00df und Teamgeist stehen dabei immer im Vordergrund!<\/p>\n\n\n\n<hr class=\"wp-block-separator has-alpha-channel-opacity\"\/>\n\n\n\n<h3 class=\"wp-block-heading\">Kostet das etwas?<\/h3>\n\n\n\n<p>Nein! Die Mitgliedschaft in der Kinderfeuerwehr ist kostenfrei. Alles, was die Kinder f\u00fcr ihre Treffen ben\u00f6tigen, wird von der Stadt Attendorn zur Verf\u00fcgung gestellt. Bei besonderen Ausfl\u00fcgen (z.\u202fB. Freizeitpark) kann ein kleiner Unkostenbeitrag anfallen \u2013 das ist aber selten und deutlich unter den tats\u00e4chlichen Kosten.<\/p>\n\n\n\n<hr class=\"wp-block-separator has-alpha-channel-opacity\"\/>\n\n\n\n<h3 class=\"wp-block-heading\">Wie kann man mitmachen?<\/h3>\n\n\n\n<p>Die einfachste M\u00f6glichkeit: Kommen Sie mit Ihrem Kind zu einem unserer n\u00e4chsten Treffen vorbei!<br>Alternativ k\u00f6nnen Sie uns jederzeit kontaktieren:<\/p>\n\n\n\n<p>E-Mail:&nbsp;<a href=\"mailto:kinderfeuerwehr@feuerwehr-attendorn.de\" target=\"_blank\" rel=\"noreferrer noopener\">kinderfeuerwehr@feuerwehr-attendorn.de<\/a><\/p>\n\n\n\n<p>Wir freuen uns auf viele neugierige Kinder, die Lust haben, die Feuerwehr spielerisch zu entdecken!<\/p>\n\n\n\n<p>Den Dienstplan f\u00fcr 2026 k\u00f6nnen wir ver\u00f6ffentlichen,&nbsp;sobald dieser genehmigt wurde.<\/p>\n","protected":false},"excerpt":{"rendered":"<p>Kinderfeuerwehr Die Kinderfeuerwehr ist die Nachwuchsorganisation der Freiwilligen Feuerwehr Attendorn f\u00fcr die j\u00fcngsten Feuerwehrfans. M\u00e4dchen und Jungen aus dem gesamten Stadtgebiet Attendorn im Alter von 6 bis 10 Jahren k\u00f6nnen hier mitmachen \u2013 unabh\u00e4ngig von Herkunft, Nationalit\u00e4t oder Religion. Aktuell&hellip;<\/p>\n","protected":false},"author":1,"featured_media":0,"parent":0,"menu_order":0,"comment_status":"closed","ping_status":"closed","template":"","meta":{"pgc_sgb_lightbox_settings":"","cybocfi_hide_featured_image":"","footnotes":""},"class_list":["post-9681","page","type-page","status-publish","hentry"],"_links":{"self":[{"href":"https:\/\/www.feuerwehr-attendorn.de\/www\/wp-json\/wp\/v2\/pages\/9681","targetHints":{"allow":["GET"]}}],"collection":[{"href":"https:\/\/www.feuerwehr-attendorn.de\/www\/wp-json\/wp\/v2\/pages"}],"about":[{"href":"https:\/\/www.feuerwehr-attendorn.de\/www\/wp-json\/wp\/v2\/types\/page"}],"author":[{"embeddable":true,"href":"https:\/\/www.feuerwehr-attendorn.de\/www\/wp-json\/wp\/v2\/users\/1"}],"replies":[{"embeddable":true,"href":"https:\/\/www.feuerwehr-attendorn.de\/www\/wp-json\/wp\/v2\/comments?post=9681"}],"version-history":[{"count":6,"href":"https:\/\/www.feuerwehr-attendorn.de\/www\/wp-json\/wp\/v2\/pages\/9681\/revisions"}],"predecessor-version":[{"id":10514,"href":"https:\/\/www.feuerwehr-attendorn.de\/www\/wp-json\/wp\/v2\/pages\/9681\/revisions\/10514"}],"wp:attachment":[{"href":"https:\/\/www.feuerwehr-attendorn.de\/www\/wp-json\/wp\/v2\/media?parent=9681"}],"curies":[{"name":"wp","href":"https:\/\/api.w.org\/{rel}","templated":true}]}}