{"id":9685,"date":"2023-12-08T20:04:13","date_gmt":"2023-12-08T19:04:13","guid":{"rendered":"https:\/\/www.feuerwehr-attendorn.de\/www\/?page_id=9685"},"modified":"2023-12-09T16:35:36","modified_gmt":"2023-12-09T15:35:36","slug":"feuerwehrmuseum","status":"publish","type":"page","link":"https:\/\/www.feuerwehr-attendorn.de\/www\/feuerwehrmuseum\/","title":{"rendered":"Feuerwehrmuseum"},"content":{"rendered":"\n<h3 class=\"wp-block-heading\">Das Attendorner Feuerwehrmuseum<\/h3>\n\n\n\n<div class=\"wp-block-media-text is-stacked-on-mobile\"><figure class=\"wp-block-media-text__media\"><img loading=\"lazy\" decoding=\"async\" width=\"1024\" height=\"758\" src=\"https:\/\/www.feuerwehr-attendorn.de\/www\/wp-content\/uploads\/2023\/12\/Feuerwehr-Museum_Gallerie1_Fotor-1024x758.webp\" alt=\"\" class=\"wp-image-9753 size-full\" srcset=\"https:\/\/www.feuerwehr-attendorn.de\/www\/wp-content\/uploads\/2023\/12\/Feuerwehr-Museum_Gallerie1_Fotor-1024x758.webp 1024w, https:\/\/www.feuerwehr-attendorn.de\/www\/wp-content\/uploads\/2023\/12\/Feuerwehr-Museum_Gallerie1_Fotor-300x222.webp 300w, https:\/\/www.feuerwehr-attendorn.de\/www\/wp-content\/uploads\/2023\/12\/Feuerwehr-Museum_Gallerie1_Fotor-768x569.webp 768w, https:\/\/www.feuerwehr-attendorn.de\/www\/wp-content\/uploads\/2023\/12\/Feuerwehr-Museum_Gallerie1_Fotor.webp 1495w\" sizes=\"auto, (max-width: 1024px) 100vw, 1024px\" \/><\/figure><div class=\"wp-block-media-text__content\">\n<p>Zum 100-j\u00e4hrigen Jubil\u00e4um der Attendorner Feuerwehr entstand der Gedanke zahlreiche privat gesammelte Exponate unter einem Dach einer breiten \u00d6ffentlichkeit zu pr\u00e4sentieren. Unter der F\u00fchrung von Werner Johannes gr\u00fcndete sich um Jahr 1986 der Verein Attendorner Feuerwehr-Museum e.V..<\/p>\n\n\n\n<p>In Eigenleistung wurde ein Museumsgeb\u00e4ude errichtet, welches sich unmittelbar auf dem Gel\u00e4nde des Feuerwehrger\u00e4tehauses Attendorn befindet.<\/p>\n\n\n\n<p>Heute k\u00f6nnen die rund 1.500 Besucher pro Jahr \u00fcber 10.000 Exponate vom \u00c4rmelabzeichen bis zur Drehleiter bestaunen.<\/p>\n\n\n\n<p>Weitere Infos gibt es auf der Internetseite des Vereins: <a href=\"https:\/\/www.attendorner-feuerwehr-museum.de\/\">www.attendorner-feuerwehr-museum.de<\/a><\/p>\n\n\n\n<p> <\/p>\n<\/div><\/div>\n\n\n\n<p><\/p>\n","protected":false},"excerpt":{"rendered":"<p>Das Attendorner Feuerwehrmuseum Zum 100-j\u00e4hrigen Jubil\u00e4um der Attendorner Feuerwehr entstand der Gedanke zahlreiche privat gesammelte Exponate unter einem Dach einer breiten \u00d6ffentlichkeit zu pr\u00e4sentieren. Unter der F\u00fchrung von Werner Johannes gr\u00fcndete sich um Jahr 1986 der Verein Attendorner Feuerwehr-Museum e.V..&hellip;<\/p>\n","protected":false},"author":1,"featured_media":0,"parent":0,"menu_order":0,"comment_status":"closed","ping_status":"closed","template":"","meta":{"pgc_sgb_lightbox_settings":"","cybocfi_hide_featured_image":"","footnotes":""},"class_list":["post-9685","page","type-page","status-publish","hentry"],"_links":{"self":[{"href":"https:\/\/www.feuerwehr-attendorn.de\/www\/wp-json\/wp\/v2\/pages\/9685","targetHints":{"allow":["GET"]}}],"collection":[{"href":"https:\/\/www.feuerwehr-attendorn.de\/www\/wp-json\/wp\/v2\/pages"}],"about":[{"href":"https:\/\/www.feuerwehr-attendorn.de\/www\/wp-json\/wp\/v2\/types\/page"}],"author":[{"embeddable":true,"href":"https:\/\/www.feuerwehr-attendorn.de\/www\/wp-json\/wp\/v2\/users\/1"}],"replies":[{"embeddable":true,"href":"https:\/\/www.feuerwehr-attendorn.de\/www\/wp-json\/wp\/v2\/comments?post=9685"}],"version-history":[{"count":6,"href":"https:\/\/www.feuerwehr-attendorn.de\/www\/wp-json\/wp\/v2\/pages\/9685\/revisions"}],"predecessor-version":[{"id":9759,"href":"https:\/\/www.feuerwehr-attendorn.de\/www\/wp-json\/wp\/v2\/pages\/9685\/revisions\/9759"}],"wp:attachment":[{"href":"https:\/\/www.feuerwehr-attendorn.de\/www\/wp-json\/wp\/v2\/media?parent=9685"}],"curies":[{"name":"wp","href":"https:\/\/api.w.org\/{rel}","templated":true}]}}