{"id":9690,"date":"2023-12-08T20:07:54","date_gmt":"2023-12-08T19:07:54","guid":{"rendered":"https:\/\/www.feuerwehr-attendorn.de\/www\/?page_id=9690"},"modified":"2023-12-10T13:10:01","modified_gmt":"2023-12-10T12:10:01","slug":"ihre-sicherheit","status":"publish","type":"page","link":"https:\/\/www.feuerwehr-attendorn.de\/www\/ihre-sicherheit\/","title":{"rendered":"Ihre Sicherheit"},"content":{"rendered":"\n<h3 class=\"wp-block-heading\">Ihre Sicherheit<\/h3>\n\n\n\n<p>\u2026 ist uns sehr wichtig. Aus diesem Grund leistet die Attendorner Feuerwehr nicht nur Gefahrenabwehr, wenn ein Ungl\u00fcck bereits geschehen ist, sondern engagiert sich auch mit vorbeugenden Ma\u00dfnahmen f\u00fcr die Sicherheit der Attendorner B\u00fcrger und allem was Ihnen lieb ist.<\/p>\n\n\n\n<h4 class=\"wp-block-heading\">Im Notfall<\/h4>\n\n\n\n<p>In dieser Kategorie finden Sie hilfreiche Informationen,\u00a0wenn Sie\u00a0in eine Notfallsituation geraten sind. Insbesondere thematisieren wir hier das Absetzen eines Notrufes.<\/p>\n\n\n\n<h4 class=\"wp-block-heading\">Brandschutzaufkl\u00e4rung (Erwachsenenbildung)<\/h4>\n\n\n\n<p>In der Kategorie Brandschutzaufkl\u00e4rung finden Sie Informationen \u00fcber unser Bildungsangebot f\u00fcr Erwachsene. Gerne erl\u00e4utern wir Ihnen pers\u00f6nlich, welche Ma\u00dfnahmen Sie zu ihrer eigenen Sicherheit treffen k\u00f6nnen. Sprechen Sie uns an!<\/p>\n\n\n\n<h4 class=\"wp-block-heading\">Brandschutzerziehung (Kinder\/Jugendliche)<\/h4>\n\n\n\n<p>Kinder geh\u00f6ren zu einer besonders gef\u00e4hrdeten Personengruppe, wenn es zu einem Brand kommt. Aus diesem Grund ist es wichtig, bereits fr\u00fch und spielerisch auf die Gefahren und das richtige Handeln hinzuweisen. Unsere Brandschutzerzieher besuchen auf Wunsch Ihre Kinderg\u00e4rten und Schulen und leisten damit einen wertvollen Beitrag zur Sicherheit Ihrer Familie. Sprechen Sie uns an!<\/p>\n\n\n\n<h4 class=\"wp-block-heading\">Sirenensignale<\/h4>\n\n\n\n<p>Wer kennt heute noch den Sirenenton f\u00fcr \u201eGefahr, Radio einschalten\u201c oder \u201eEntwarnung\u201c? Und wenn jemandem die T\u00f6ne bekannt sind, wie verh\u00e4lt man sich?\u00a0Die Hansestadt Attendorn tauscht die vorhandenen Sirenen im Stadtgebiet nach und nach gegen moderne Leistungssirenen aus. Mit diesem fl\u00e4chendeckenden Sirenennetz ist es m\u00f6glich Sie jederzeit auf Gefahren hinzuweisen &#8211; wichtige Voraussetzung: sie m\u00fcssen die Sirenensignale deuten k\u00f6nnen.<\/p>\n\n\n\n<h4 class=\"wp-block-heading\">Rauchmelder<\/h4>\n\n\n\n<p>Rauchmelder retten Leben! Nur mit Rauchmeldern werden Sie nachts geweckt, wenn Ihr Geruchssinn ausgeschaltet ist und sich Rauch in Ihrer Wohnung ausbreitet. Seit dem 01. Januar 2017 sind auch in bestehenden Wohnungen Rauchmelder zwingend vorgeschrieben. Alle Infos gibt es hier.<\/p>\n\n\n\n<h4 class=\"wp-block-heading\">Pegelst\u00e4nde<\/h4>\n\n\n\n<p>Regen, Regen und nochmals Regen &#8211; wenn die Pegel steigen droht die Gefahr von \u00dcberflutungen. Informationen zu den Pegelst\u00e4nden und den Lagebericht, direkt aus der Leitzentrale des Ruhrverbandes, finden Sie in dieser Kategorie.<\/p>\n\n\n\n<h4 class=\"wp-block-heading\">NINA Warn-App<\/h4>\n\n\n\n<p>Die NINA Warn-App bringt aktuelle Warnungen f\u00fcr alle Attendorner direkt auf das Handy. Die Leitstelle f\u00fcr Feuerwehr und Rettungsdienst des Kreises Olpe ist direkt an dieses System angebunden. Somit besteht die M\u00f6glichkeit, Ihnen aktuelle Gefahrenhinweise in Sekundenschnelle auf Ihr Smartphone zu \u00fcbermitteln.<\/p>\n","protected":false},"excerpt":{"rendered":"<p>Ihre Sicherheit \u2026 ist uns sehr wichtig. Aus diesem Grund leistet die Attendorner Feuerwehr nicht nur Gefahrenabwehr, wenn ein Ungl\u00fcck bereits geschehen ist, sondern engagiert sich auch mit vorbeugenden Ma\u00dfnahmen f\u00fcr die Sicherheit der Attendorner B\u00fcrger und allem was Ihnen&hellip;<\/p>\n","protected":false},"author":1,"featured_media":0,"parent":0,"menu_order":0,"comment_status":"closed","ping_status":"closed","template":"","meta":{"pgc_sgb_lightbox_settings":"","cybocfi_hide_featured_image":"","footnotes":""},"class_list":["post-9690","page","type-page","status-publish","hentry"],"_links":{"self":[{"href":"https:\/\/www.feuerwehr-attendorn.de\/www\/wp-json\/wp\/v2\/pages\/9690","targetHints":{"allow":["GET"]}}],"collection":[{"href":"https:\/\/www.feuerwehr-attendorn.de\/www\/wp-json\/wp\/v2\/pages"}],"about":[{"href":"https:\/\/www.feuerwehr-attendorn.de\/www\/wp-json\/wp\/v2\/types\/page"}],"author":[{"embeddable":true,"href":"https:\/\/www.feuerwehr-attendorn.de\/www\/wp-json\/wp\/v2\/users\/1"}],"replies":[{"embeddable":true,"href":"https:\/\/www.feuerwehr-attendorn.de\/www\/wp-json\/wp\/v2\/comments?post=9690"}],"version-history":[{"count":4,"href":"https:\/\/www.feuerwehr-attendorn.de\/www\/wp-json\/wp\/v2\/pages\/9690\/revisions"}],"predecessor-version":[{"id":9764,"href":"https:\/\/www.feuerwehr-attendorn.de\/www\/wp-json\/wp\/v2\/pages\/9690\/revisions\/9764"}],"wp:attachment":[{"href":"https:\/\/www.feuerwehr-attendorn.de\/www\/wp-json\/wp\/v2\/media?parent=9690"}],"curies":[{"name":"wp","href":"https:\/\/api.w.org\/{rel}","templated":true}]}}