{"id":9768,"date":"2023-12-10T13:21:23","date_gmt":"2023-12-10T12:21:23","guid":{"rendered":"https:\/\/www.feuerwehr-attendorn.de\/www\/?page_id=9768"},"modified":"2023-12-10T13:46:25","modified_gmt":"2023-12-10T12:46:25","slug":"notrufnmmern","status":"publish","type":"page","link":"https:\/\/www.feuerwehr-attendorn.de\/www\/ihre-sicherheit\/im-notfall\/notrufnmmern\/","title":{"rendered":"Notrufnummern"},"content":{"rendered":"\n<h3 class=\"wp-block-heading\">Notrufnummern<\/h3>\n\n\n\n<h4 class=\"wp-block-heading\">Notf\u00e4lle<\/h4>\n\n\n\n<p>Im Notfall ist h\u00f6chste Eile geboten, z\u00f6gern Sie nicht und\u00a0alarmieren Sie Feuerwehr, Rettungsdienst oder Polizei.<\/p>\n\n\n\n<p><strong><mark style=\"background-color:rgba(0, 0, 0, 0)\" class=\"has-inline-color has-vivid-red-color\">Notrufnummer f\u00fcr Feuerwehr und Rettungsdienst: 112<\/mark><br><mark style=\"background-color:rgba(0, 0, 0, 0)\" class=\"has-inline-color has-vivid-red-color\">Notrufnummer der Polizei: 110<\/mark><\/strong><\/p>\n\n\n\n<h4 class=\"wp-block-heading\">Erkrankung<\/h4>\n\n\n\n<p>Bei weniger dramatischen Erkrankungen, bei denen sie in der Regel Ihren Hausarzt aufsuchen w\u00fcrden, steht Ihnen au\u00dferhalb der Sprechzeiten der kassen\u00e4rztliche Bereitschaftsdienst zur Verf\u00fcgung. Eine erste Diagnose und Empfehlung zum weiteren Verhalten finden Sie auch hier: <a href=\"https:\/\/www.116117.de\/de\/patienten-navi.php\">116117.de &#8211; Patienten-Navi<\/a><\/p>\n\n\n\n<p><strong><mark style=\"background-color:rgba(0, 0, 0, 0)\" class=\"has-inline-color has-vivid-red-color\">Rufnummer Kassen\u00e4rztlicher Bereitschaftsdienst: 116 117<\/mark><\/strong><\/p>\n\n\n\n<h4 class=\"wp-block-heading\">Bereitschaftsdienst Energieversorger (Strom, Gas, Wasser)<\/h4>\n\n\n\n<p>Sie haben Probleme mit der Energieversorgung? Ihr Ansprechpartner ist das \u00f6rtliche Energieversorgungsunternehmen.<\/p>\n\n\n\n<p><strong><mark style=\"background-color:rgba(0, 0, 0, 0)\" class=\"has-inline-color has-vivid-red-color\">Notdienst Energieversorger: 0 27 61 \/ 896 1111<\/mark><\/strong><\/p>\n\n\n\n<h4 class=\"wp-block-heading\"><mark style=\"background-color:rgba(0, 0, 0, 0)\" class=\"has-inline-color has-vivid-red-color\">Vorsicht bei Gasgeruch, Explosionsgefahr!<\/mark><\/h4>\n\n\n\n<ul class=\"wp-block-list\">\n<li>Schlie\u00dfen Sie den Haupthahn und \u00f6ffnen Sie Fenster und T\u00fcren!<\/li>\n\n\n\n<li>Vermeiden Sie offenes Feuer und bet\u00e4tigen Sie keine elektrischen Einrichtungen (Telefon, Klingel, Schalter)!<\/li>\n\n\n\n<li>Basteln Sie nicht selbst am Gasherd oder anderen Gasger\u00e4ten herum!<\/li>\n\n\n\n<li>Verlassen Sie das Geb\u00e4ude und alarmieren Sie die Feuerwehr au\u00dferhalb des Geb\u00e4udes, <strong>Notruf 112<\/strong><\/li>\n<\/ul>\n","protected":false},"excerpt":{"rendered":"<p>Notrufnummern Notf\u00e4lle Im Notfall ist h\u00f6chste Eile geboten, z\u00f6gern Sie nicht und\u00a0alarmieren Sie Feuerwehr, Rettungsdienst oder Polizei. Notrufnummer f\u00fcr Feuerwehr und Rettungsdienst: 112Notrufnummer der Polizei: 110 Erkrankung Bei weniger dramatischen Erkrankungen, bei denen sie in der Regel Ihren Hausarzt aufsuchen&hellip;<\/p>\n","protected":false},"author":1,"featured_media":0,"parent":9765,"menu_order":0,"comment_status":"closed","ping_status":"closed","template":"","meta":{"pgc_sgb_lightbox_settings":"","cybocfi_hide_featured_image":"","footnotes":""},"class_list":["post-9768","page","type-page","status-publish","hentry"],"_links":{"self":[{"href":"https:\/\/www.feuerwehr-attendorn.de\/www\/wp-json\/wp\/v2\/pages\/9768","targetHints":{"allow":["GET"]}}],"collection":[{"href":"https:\/\/www.feuerwehr-attendorn.de\/www\/wp-json\/wp\/v2\/pages"}],"about":[{"href":"https:\/\/www.feuerwehr-attendorn.de\/www\/wp-json\/wp\/v2\/types\/page"}],"author":[{"embeddable":true,"href":"https:\/\/www.feuerwehr-attendorn.de\/www\/wp-json\/wp\/v2\/users\/1"}],"replies":[{"embeddable":true,"href":"https:\/\/www.feuerwehr-attendorn.de\/www\/wp-json\/wp\/v2\/comments?post=9768"}],"version-history":[{"count":3,"href":"https:\/\/www.feuerwehr-attendorn.de\/www\/wp-json\/wp\/v2\/pages\/9768\/revisions"}],"predecessor-version":[{"id":9778,"href":"https:\/\/www.feuerwehr-attendorn.de\/www\/wp-json\/wp\/v2\/pages\/9768\/revisions\/9778"}],"up":[{"embeddable":true,"href":"https:\/\/www.feuerwehr-attendorn.de\/www\/wp-json\/wp\/v2\/pages\/9765"}],"wp:attachment":[{"href":"https:\/\/www.feuerwehr-attendorn.de\/www\/wp-json\/wp\/v2\/media?parent=9768"}],"curies":[{"name":"wp","href":"https:\/\/api.w.org\/{rel}","templated":true}]}}