{"id":9772,"date":"2023-12-10T13:41:58","date_gmt":"2023-12-10T12:41:58","guid":{"rendered":"https:\/\/www.feuerwehr-attendorn.de\/www\/?page_id=9772"},"modified":"2023-12-10T13:44:13","modified_gmt":"2023-12-10T12:44:13","slug":"notruf-absetzen","status":"publish","type":"page","link":"https:\/\/www.feuerwehr-attendorn.de\/www\/ihre-sicherheit\/im-notfall\/notruf-absetzen\/","title":{"rendered":"Notruf absetzen"},"content":{"rendered":"\n<h3 class=\"wp-block-heading\">Notruf absetzen<\/h3>\n\n\n\n<p>Ein Notfall ist eingetreten. Nachdem Sie sich selbst in Sicherheit gebracht haben w\u00e4hlen Sie den <strong>Notruf 112<\/strong>.<\/p>\n\n\n\n<h4 class=\"wp-block-heading\">Ganz wichtig: Ruhe bewahren!<\/h4>\n\n\n\n<p>Ein Notfall ist eingetreten, nachdem Sie sich selbst in Sicherheit gebracht haben w\u00e4hlen Sie den <strong>Notruf 112<\/strong>.<\/p>\n\n\n\n<h4 class=\"wp-block-heading\">&#8222;Notruf Feuerwehr und Rettungsdienst, wo genau ist der Notfallort?&#8220;<\/h4>\n\n\n\n<p>.. so oder so \u00e4hnlich wird der zust\u00e4ndige Disponent\u00a0der integrierten Leitstelle f\u00fcr Feuerwehr und Rettungdienst des Kreises Olpe ihr Hilfeersuchen entgegennehmen und damit sofort die Gespr\u00e4chsf\u00fchrung \u00fcbernehmen. Haben Sie keine Angst, sie werden strukturiert durch das Gespr\u00e4ch gef\u00fchrt und gezielt zum Notfallgeschehen abgefragt. Folgende Informationen sind nun wichtig:<\/p>\n\n\n\n<ul class=\"wp-block-list\">\n<li><strong>Wo ist etwas passiert?<\/strong>\n<ul class=\"wp-block-list\">\n<li>Nennen Sie die Stadt\/Gemeinde und den jeweiligen Ortsteil<\/li>\n\n\n\n<li>Nennen Sie nach M\u00f6glichkeit Stra\u00dfe und Hausnummer<\/li>\n\n\n\n<li>Befindet sich der Zugang ggf. auf der R\u00fcckseite des Geb\u00e4udes?<\/li>\n\n\n\n<li>Sie sind ortsfremd? &nbsp;Bitten Sie nach M\u00f6glichkeit andere Passanten um Hilfe.<\/li>\n\n\n\n<li>Je genauer die Ortsangabe, desto schneller ist Hilfe f\u00fcr Sie da.<\/li>\n<\/ul>\n<\/li>\n\n\n\n<li><strong>Was ist passiert?<\/strong>\n<ul class=\"wp-block-list\">\n<li>Beschreiben Sie das Ereignis kurz und pr\u00e4gnant.<\/li>\n<\/ul>\n<\/li>\n\n\n\n<li><strong>Wie viele Verletzte\/Erkrankte gibt es?<\/strong>\n<ul class=\"wp-block-list\">\n<li>Teilen Sie nach M\u00f6glichkeit die genaue Anzahl der Menschen mit, die Hilfe ben\u00f6tigen.<\/li>\n<\/ul>\n<\/li>\n\n\n\n<li><strong>Welche Verletzungen\/Erkrankungen liegen vor?<\/strong>\n<ul class=\"wp-block-list\">\n<li>Beschreiben Sie ggf. die Verletzung\/Erkrankung. Starke Blutung, Bewusstlosigkeit, Sturz aus gro\u00dfer H\u00f6he etc.<\/li>\n<\/ul>\n<\/li>\n\n\n\n<li><strong>Wer meldet den Notfall?<\/strong>\n<ul class=\"wp-block-list\">\n<li>Nennen Sie ihren Namen und ggf. Ihre Telefonnummer f\u00fcr evtl. R\u00fcckfragen<\/li>\n<\/ul>\n<\/li>\n<\/ul>\n\n\n\n<h4 class=\"wp-block-heading\">Legen Sie nicht einfach auf, sondern warten Sie auf R\u00fcckfragen!<\/h4>\n\n\n\n<p>Der Einsatzsachbearbeiter wird den Anruf beenden, sobald&nbsp;er alle notwendigen Informationen von Ihnen bekommen hat.<\/p>\n\n\n\n<p><strong>Nach dem Notruf warten Sie bitte auf unsere Einsatzkr\u00e4fte, weisen Sie diese nach M\u00f6glichkeit von der \u00f6ffentlichen Stra\u00dfe aus ein.<\/strong> Falls Sie sich dabei selbst nicht gef\u00e4hrden m\u00fcssen, leisten Sie weiter erste Hilfe oder ergreifen sonstige Erstma\u00dfnahmen. <strong>Denken Sie jedoch dabei daran, dass der Eigenschutz immer Vorrang hat.<\/strong><\/p>\n","protected":false},"excerpt":{"rendered":"<p>Notruf absetzen Ein Notfall ist eingetreten. Nachdem Sie sich selbst in Sicherheit gebracht haben w\u00e4hlen Sie den Notruf 112. Ganz wichtig: Ruhe bewahren! Ein Notfall ist eingetreten, nachdem Sie sich selbst in Sicherheit gebracht haben w\u00e4hlen Sie den Notruf 112.&hellip;<\/p>\n","protected":false},"author":1,"featured_media":0,"parent":9765,"menu_order":0,"comment_status":"closed","ping_status":"closed","template":"","meta":{"pgc_sgb_lightbox_settings":"","cybocfi_hide_featured_image":"","footnotes":""},"class_list":["post-9772","page","type-page","status-publish","hentry"],"_links":{"self":[{"href":"https:\/\/www.feuerwehr-attendorn.de\/www\/wp-json\/wp\/v2\/pages\/9772","targetHints":{"allow":["GET"]}}],"collection":[{"href":"https:\/\/www.feuerwehr-attendorn.de\/www\/wp-json\/wp\/v2\/pages"}],"about":[{"href":"https:\/\/www.feuerwehr-attendorn.de\/www\/wp-json\/wp\/v2\/types\/page"}],"author":[{"embeddable":true,"href":"https:\/\/www.feuerwehr-attendorn.de\/www\/wp-json\/wp\/v2\/users\/1"}],"replies":[{"embeddable":true,"href":"https:\/\/www.feuerwehr-attendorn.de\/www\/wp-json\/wp\/v2\/comments?post=9772"}],"version-history":[{"count":4,"href":"https:\/\/www.feuerwehr-attendorn.de\/www\/wp-json\/wp\/v2\/pages\/9772\/revisions"}],"predecessor-version":[{"id":9776,"href":"https:\/\/www.feuerwehr-attendorn.de\/www\/wp-json\/wp\/v2\/pages\/9772\/revisions\/9776"}],"up":[{"embeddable":true,"href":"https:\/\/www.feuerwehr-attendorn.de\/www\/wp-json\/wp\/v2\/pages\/9765"}],"wp:attachment":[{"href":"https:\/\/www.feuerwehr-attendorn.de\/www\/wp-json\/wp\/v2\/media?parent=9772"}],"curies":[{"name":"wp","href":"https:\/\/api.w.org\/{rel}","templated":true}]}}