{"id":9785,"date":"2023-12-10T13:51:42","date_gmt":"2023-12-10T12:51:42","guid":{"rendered":"https:\/\/www.feuerwehr-attendorn.de\/www\/?page_id=9785"},"modified":"2023-12-10T16:03:28","modified_gmt":"2023-12-10T15:03:28","slug":"brandschutzerziehung","status":"publish","type":"page","link":"https:\/\/www.feuerwehr-attendorn.de\/www\/ihre-sicherheit\/brandschutzerziehung\/","title":{"rendered":"Brandschutzerziehung"},"content":{"rendered":"\n<h3 class=\"wp-block-heading\">Brandschutzerziehung (Kinder\/Jugendliche)<\/h3>\n\n\n\n<p>Die Hansestadt Attendorn zeigt sich gem\u00e4\u00df \u00a73 des Gesetzes \u00fcber den Brandschutz, die Hilfeleistung und den Katastrophenschutz (BHKG) in NRW f\u00fcr die Brandschutzerziehung verantwortlich. Sie hat diese Aufgabe an ihre Feuerwehr \u00fcbertragen. Die Brandschutzerziehung richtet sich in erster Linie an Kinder und Jugendliche.<\/p>\n\n\n\n<p>Im Stadtgebiet Attendorn geht die Erf\u00fcllung dieser Pflicht weit \u00fcber die gesetzlichen Forderungen hinaus. So bietet Ihnen die Feuerwehr der Hansestadt Attendorn u.a. folgendes Angebot:<\/p>\n\n\n\n<ul class=\"wp-block-list\">\n<li>Brandschutzerziehung in Kinderg\u00e4rten und Grundschulen<\/li>\n\n\n\n<li>Besichtigung der Feuerwache und der vorhandenen Fahrzeuge<\/li>\n\n\n\n<li>Mitgestaltung einer Themenwoche &#8222;Feuerwehr&#8220;<\/li>\n\n\n\n<li>Schulungsma\u00dfnahmen: Verhalten im Brandfall<\/li>\n\n\n\n<li>Teilnahme an Elternabenden<\/li>\n\n\n\n<li>Filmvorf\u00fchrungen<\/li>\n<\/ul>\n\n\n\n<h4 class=\"wp-block-heading\">Ansprechpartner<\/h4>\n\n\n\n<p>Ihre Anfragen richten Sie bitte an folgende E-Mail-Adresse: <a href=\"mailto:brandschutzerziehung@feuerwehr-attendorn.de\">brandschutzerziehung@feuerwehr-attendorn.de<\/a><\/p>\n\n\n\n<div class=\"wp-block-media-text is-stacked-on-mobile\" style=\"grid-template-columns:15% auto\"><figure class=\"wp-block-media-text__media\"><img loading=\"lazy\" decoding=\"async\" width=\"200\" height=\"299\" src=\"https:\/\/www.feuerwehr-attendorn.de\/www\/wp-content\/uploads\/2023\/12\/bse-huebner.jpg\" alt=\"\" class=\"wp-image-9812 size-full\"\/><\/figure><div class=\"wp-block-media-text__content\">\n<h4 class=\"wp-block-heading\">HBM Dirk H\u00fcbner<\/h4>\n\n\n\n<p><strong>Leiter Brandschutzerziehung<\/strong><\/p>\n\n\n\n<p>Tel.: +49 176 \/ 576 953 72<br>E-Mail: d.huebner@feuerwehr-attendorn.de<\/p>\n<\/div><\/div>\n","protected":false},"excerpt":{"rendered":"<p>Brandschutzerziehung (Kinder\/Jugendliche) Die Hansestadt Attendorn zeigt sich gem\u00e4\u00df \u00a73 des Gesetzes \u00fcber den Brandschutz, die Hilfeleistung und den Katastrophenschutz (BHKG) in NRW f\u00fcr die Brandschutzerziehung verantwortlich. Sie hat diese Aufgabe an ihre Feuerwehr \u00fcbertragen. Die Brandschutzerziehung richtet sich in erster&hellip;<\/p>\n","protected":false},"author":1,"featured_media":0,"parent":9690,"menu_order":0,"comment_status":"closed","ping_status":"closed","template":"","meta":{"pgc_sgb_lightbox_settings":"","cybocfi_hide_featured_image":"","footnotes":""},"class_list":["post-9785","page","type-page","status-publish","hentry"],"_links":{"self":[{"href":"https:\/\/www.feuerwehr-attendorn.de\/www\/wp-json\/wp\/v2\/pages\/9785","targetHints":{"allow":["GET"]}}],"collection":[{"href":"https:\/\/www.feuerwehr-attendorn.de\/www\/wp-json\/wp\/v2\/pages"}],"about":[{"href":"https:\/\/www.feuerwehr-attendorn.de\/www\/wp-json\/wp\/v2\/types\/page"}],"author":[{"embeddable":true,"href":"https:\/\/www.feuerwehr-attendorn.de\/www\/wp-json\/wp\/v2\/users\/1"}],"replies":[{"embeddable":true,"href":"https:\/\/www.feuerwehr-attendorn.de\/www\/wp-json\/wp\/v2\/comments?post=9785"}],"version-history":[{"count":3,"href":"https:\/\/www.feuerwehr-attendorn.de\/www\/wp-json\/wp\/v2\/pages\/9785\/revisions"}],"predecessor-version":[{"id":9814,"href":"https:\/\/www.feuerwehr-attendorn.de\/www\/wp-json\/wp\/v2\/pages\/9785\/revisions\/9814"}],"up":[{"embeddable":true,"href":"https:\/\/www.feuerwehr-attendorn.de\/www\/wp-json\/wp\/v2\/pages\/9690"}],"wp:attachment":[{"href":"https:\/\/www.feuerwehr-attendorn.de\/www\/wp-json\/wp\/v2\/media?parent=9785"}],"curies":[{"name":"wp","href":"https:\/\/api.w.org\/{rel}","templated":true}]}}