{"id":9800,"date":"2023-12-10T14:20:48","date_gmt":"2023-12-10T13:20:48","guid":{"rendered":"https:\/\/www.feuerwehr-attendorn.de\/www\/?page_id=9800"},"modified":"2023-12-10T14:20:48","modified_gmt":"2023-12-10T13:20:48","slug":"rauchmelder","status":"publish","type":"page","link":"https:\/\/www.feuerwehr-attendorn.de\/www\/ihre-sicherheit\/rauchmelder\/","title":{"rendered":"Rauchmelder"},"content":{"rendered":"\n<h3 class=\"wp-block-heading\">Rauchmelder<\/h3>\n\n\n\n<p>Damit Sie auch im Schlaf rechtzeitig auf lebensbedrohlichen Brandrauch aufmerksam werden, ben\u00f6tigen Sie Rauchwarnmelder. Im Schlaf ist ihr Geruchssinn nicht aktiv, aus diesem Grund handelt es sich bei den meisten Brandtoten in Deutschland, um Personen, die im Schlaf von einem Brand \u00fcberrascht wurden.<\/p>\n\n\n\n<p>Die Feuerwehren haben jahrelang auf die Notwendigkeit der Installation von Rauchwarnmeldern hingewiesen, leider lie\u00dfen sich nicht alle von den guten Argumenten \u00fcberzeugen. Mittlerweile hat die Landeregierung durch Anpassung der Landesbauordnung eine Rauchmelderpflicht eingef\u00fchrt.<\/p>\n\n\n\n<h3 class=\"wp-block-heading\">&nbsp;Rauchmelderpflicht in NRW<\/h3>\n\n\n\n<ul class=\"wp-block-list\">\n<li>seit 1. April 2013, verpflichtende Installation in Neubauten<\/li>\n\n\n\n<li>ab 1. Januar 2017, verpflichtende Installation in Bestandsbauten<\/li>\n\n\n\n<li>mindestens ein Rauchmelder in jedem Schlafzimmer<\/li>\n\n\n\n<li>mindestens ein Rauchmelder in jedem Kinderzimmer<\/li>\n\n\n\n<li>mindestens ein Rauchmelder in jedem Flur, der als Rettungsweg dient<\/li>\n<\/ul>\n\n\n\n<p>Beispiel: Besteht Ihre Wohnung aus einem Flur, Bad, K\u00fcche, Wohnzimmer, Schlafzimmer und zwei Kinderzimmern ben\u00f6tigen Sie insgesamt vier Rauchmelder in Ihrer Wohnung.<\/p>\n\n\n\n<ul class=\"wp-block-list\">\n<li>Verantwortlich f\u00fcr die Installation und die Beschaffung ist der Eigent\u00fcmer, bei Mietwohnung also der Vermieter.<\/li>\n\n\n\n<li>Verantwortlich f\u00fcr die Betriebsbereitschaft der Ger\u00e4te (Wartung\/Batterietausch) ist der Nutzer der Wohneinheit, bei Mietwohnungen also der Mieter.<\/li>\n<\/ul>\n\n\n\n<p>Die Rauchmelderpflicht ist im \u00a7 49 Abs. 7 der <a href=\"https:\/\/recht.nrw.de\/lmi\/owa\/br_text_anzeigen?v_id=5820031106092333838\" target=\"_blank\" rel=\"noreferrer noopener\">Bauordnung f\u00fcr das Land Nordrhein-Westfalen (BauO NRW)<\/a> geregelt.<\/p>\n\n\n\n<h3 class=\"wp-block-heading\">Installation<\/h3>\n\n\n\n<p>Damit ein Rauchmelder optimal funktioniert, beachten Sie bitte folgende Hinweise zur Installation:<\/p>\n\n\n\n<p>Befestigen Sie Rauchmelder<\/p>\n\n\n\n<ul class=\"wp-block-list\">\n<li>immer an der Zimmerdecke, da der Rauch nach oben steigt<\/li>\n\n\n\n<li>an der Decke in der Raummitte bzw. mindestens 50 cm von W\u00e4nden entfernt<\/li>\n\n\n\n<li>immer in waagerechter Position (auch bei Dachschr\u00e4gen)<\/li>\n\n\n\n<li>nicht in der N\u00e4he von Luftsch\u00e4chten und nicht in starker Zugluft<\/li>\n\n\n\n<li>nicht in der Dachspitze (wenigstens 30 bis 50 cm darunter)<\/li>\n\n\n\n<li>nicht in R\u00e4umen, in denen normalerweise starker Dampf, Staub oder Rauch entsteht<\/li>\n<\/ul>\n\n\n\n<p><strong>Der Rauchmelder darf nicht mit Farbe angestrichen werden, da sonst die Gefahr besteht, dass nicht mehr ausreichend Rauch durch die L\u00fcftungsschlitze gelangt und das Ger\u00e4t nicht zuverl\u00e4ssig funktioniert.<\/strong><\/p>\n\n\n\n<p>Batteriebetriebene Rauchmelder k\u00f6nnen nur ausreichend Schutz liefern, wenn sie mit funktionsf\u00e4higen Batterien best\u00fcckt sind. Ger\u00e4te, die der Norm DIN 14604 entsprechen, geben \u00fcber einen Signalton zu erkennen, wenn ein Batteriewechsel bevorsteht. Sie sollten jedoch regelm\u00e4\u00dfig (ca. einmal im Monat) mit dem Testknopf die Funktionsf\u00e4higkeit des Ger\u00e4tes \u00fcberpr\u00fcfen.<\/p>\n\n\n\n<p><strong>Kaufen Sie nur Rauchmelder, die mit CE-Zeichen inkl. Pr\u00fcfnummer und der Angabe \u201eEN 14604\u201c versehen sind.<\/strong><\/p>\n\n\n\n<p>Rauchmelder nach EN 14604 erf\u00fcllen mindesten die folgenden Anforderungen:<\/p>\n\n\n\n<ul class=\"wp-block-list\">\n<li>Der Alarmton muss mindestens 85 dB(A) betragen<\/li>\n\n\n\n<li>Mindestens 30 Tage bevor die Batterie ausgetauscht werden muss, ert\u00f6nt ein wiederkehrendes Warnsignal<\/li>\n\n\n\n<li>Ein Testknopf zur Funktions\u00fcberpr\u00fcfung des Melders ist Voraussetzung<\/li>\n\n\n\n<li>Der Rauch sollte von allen Seiten gleich gut in die Rauchmesskammer eindringen k\u00f6nnen<\/li>\n\n\n\n<li>Rauchmelder, die nach dieser Norm gepr\u00fcft sind, erf\u00fcllen die Mindestanforderungen.<\/li>\n<\/ul>\n\n\n\n<h3 class=\"wp-block-heading\">Haben Sie Fragen?<\/h3>\n\n\n\n<p>Im Interesse Ihrer Sicherheit steht Ihnen Ihre Feuerwehr jederzeit als Ansprechpartner zur Verf\u00fcgung. Kontaktieren Sie uns zum Beispiel per E-Mail unter <a href=\"mailto:info@feuerwehr-attendorn.de\" target=\"_blank\" rel=\"noreferrer noopener\">info@feuerwehr-attendorn.de<\/a>.<\/p>\n","protected":false},"excerpt":{"rendered":"<p>Rauchmelder Damit Sie auch im Schlaf rechtzeitig auf lebensbedrohlichen Brandrauch aufmerksam werden, ben\u00f6tigen Sie Rauchwarnmelder. Im Schlaf ist ihr Geruchssinn nicht aktiv, aus diesem Grund handelt es sich bei den meisten Brandtoten in Deutschland, um Personen, die im Schlaf von&hellip;<\/p>\n","protected":false},"author":1,"featured_media":0,"parent":9690,"menu_order":0,"comment_status":"closed","ping_status":"closed","template":"","meta":{"pgc_sgb_lightbox_settings":"","cybocfi_hide_featured_image":"","footnotes":""},"class_list":["post-9800","page","type-page","status-publish","hentry"],"_links":{"self":[{"href":"https:\/\/www.feuerwehr-attendorn.de\/www\/wp-json\/wp\/v2\/pages\/9800","targetHints":{"allow":["GET"]}}],"collection":[{"href":"https:\/\/www.feuerwehr-attendorn.de\/www\/wp-json\/wp\/v2\/pages"}],"about":[{"href":"https:\/\/www.feuerwehr-attendorn.de\/www\/wp-json\/wp\/v2\/types\/page"}],"author":[{"embeddable":true,"href":"https:\/\/www.feuerwehr-attendorn.de\/www\/wp-json\/wp\/v2\/users\/1"}],"replies":[{"embeddable":true,"href":"https:\/\/www.feuerwehr-attendorn.de\/www\/wp-json\/wp\/v2\/comments?post=9800"}],"version-history":[{"count":1,"href":"https:\/\/www.feuerwehr-attendorn.de\/www\/wp-json\/wp\/v2\/pages\/9800\/revisions"}],"predecessor-version":[{"id":9801,"href":"https:\/\/www.feuerwehr-attendorn.de\/www\/wp-json\/wp\/v2\/pages\/9800\/revisions\/9801"}],"up":[{"embeddable":true,"href":"https:\/\/www.feuerwehr-attendorn.de\/www\/wp-json\/wp\/v2\/pages\/9690"}],"wp:attachment":[{"href":"https:\/\/www.feuerwehr-attendorn.de\/www\/wp-json\/wp\/v2\/media?parent=9800"}],"curies":[{"name":"wp","href":"https:\/\/api.w.org\/{rel}","templated":true}]}}