{"id":9826,"date":"2023-12-10T16:37:52","date_gmt":"2023-12-10T15:37:52","guid":{"rendered":"https:\/\/www.feuerwehr-attendorn.de\/www\/?page_id=9826"},"modified":"2025-09-18T11:56:36","modified_gmt":"2025-09-18T09:56:36","slug":"ihre-ansprechpartner","status":"publish","type":"page","link":"https:\/\/www.feuerwehr-attendorn.de\/www\/jugendfeuerwehr\/ihre-ansprechpartner\/","title":{"rendered":"Ihre Ansprechpartner"},"content":{"rendered":"\n<h3 class=\"wp-block-heading\">Ihre Ansprechpartner<\/h3>\n\n\n\n<p>Auf dieser Seite finden Sie Informationen zu den Ansprechpartnern f\u00fcr die&nbsp;Nachwuchsarbeit in der Attendorner Feuerwehr.<\/p>\n\n\n\n<p>Als Ansprechpartner f\u00fcr die Jugendfeuerwehr stehen Ihnen die <a href=\"#stjfw\" data-type=\"internal\" data-id=\"#stjfw\">Stadtjugendfeuerwehrwartin und ihre Stellvertreter<\/a> zur Verf\u00fcgung. Die Stadtjugendfeuerwehrwartin ist durch die Leitung der Feuerwehr mit der Organisatorischen F\u00fchrung der Jugendfeuerwehr beauftragt. An allen Standorten der Attendorner Feuerwehr gibt es auch Jugendfeuerwehrgruppen. Diese Gruppen sind derzeit zu insgesamt f\u00fcnf Z\u00fcgen zusammengefasst. In allen Z\u00fcgen gibt es sogenannte <a href=\"#zugljfw\" data-type=\"internal\" data-id=\"#zugljfw\">Zugleiter als Ansprechpartner vor Ort<\/a>.<\/p>\n\n\n\n<p>E-Mail: <a href=\"mailto:jugendfeuerwehr@feuerwehr-attendorn.de\">jugendfeuerwehr@feuerwehr-attendorn.de<\/a><\/p>\n\n\n\n<h3 class=\"wp-block-heading\" id=\"stjfw\">Leitung der Jugendfeuerwehr<\/h3>\n\n\n\n<div class=\"wp-block-media-text is-stacked-on-mobile\" style=\"grid-template-columns:15% auto\"><figure class=\"wp-block-media-text__media\"><img loading=\"lazy\" decoding=\"async\" width=\"683\" height=\"1024\" src=\"https:\/\/www.feuerwehr-attendorn.de\/www\/wp-content\/uploads\/2023\/12\/jfw-boos-683x1024.jpeg\" alt=\"\" class=\"wp-image-9827 size-full\" srcset=\"https:\/\/www.feuerwehr-attendorn.de\/www\/wp-content\/uploads\/2023\/12\/jfw-boos-683x1024.jpeg 683w, https:\/\/www.feuerwehr-attendorn.de\/www\/wp-content\/uploads\/2023\/12\/jfw-boos-200x300.jpeg 200w, https:\/\/www.feuerwehr-attendorn.de\/www\/wp-content\/uploads\/2023\/12\/jfw-boos-768x1152.jpeg 768w, https:\/\/www.feuerwehr-attendorn.de\/www\/wp-content\/uploads\/2023\/12\/jfw-boos-1024x1536.jpeg 1024w, https:\/\/www.feuerwehr-attendorn.de\/www\/wp-content\/uploads\/2023\/12\/jfw-boos-1366x2048.jpeg 1366w, https:\/\/www.feuerwehr-attendorn.de\/www\/wp-content\/uploads\/2023\/12\/jfw-boos.jpeg 1707w\" sizes=\"auto, (max-width: 683px) 100vw, 683px\" \/><\/figure><div class=\"wp-block-media-text__content\">\n<h3 class=\"wp-block-heading\">BI Sarah F\u00e4rber<\/h3>\n\n\n\n<p><strong>Stadtjugendfeuerwehrwartin<\/strong><\/p>\n\n\n\n<p>E-Mail: <a href=\"mailto:s.faerber@feuerwehr-attendorn.de\">s.faerber@feuerwehr-attendorn.de<\/a><\/p>\n<\/div><\/div>\n\n\n\n<div class=\"wp-block-media-text is-stacked-on-mobile\" style=\"grid-template-columns:15% auto\"><figure class=\"wp-block-media-text__media\"><img loading=\"lazy\" decoding=\"async\" width=\"683\" height=\"1024\" src=\"https:\/\/www.feuerwehr-attendorn.de\/www\/wp-content\/uploads\/2023\/12\/jfw-monse-683x1024.jpg\" alt=\"\" class=\"wp-image-9839 size-full\" srcset=\"https:\/\/www.feuerwehr-attendorn.de\/www\/wp-content\/uploads\/2023\/12\/jfw-monse-683x1024.jpg 683w, https:\/\/www.feuerwehr-attendorn.de\/www\/wp-content\/uploads\/2023\/12\/jfw-monse-200x300.jpg 200w, https:\/\/www.feuerwehr-attendorn.de\/www\/wp-content\/uploads\/2023\/12\/jfw-monse-768x1152.jpg 768w, https:\/\/www.feuerwehr-attendorn.de\/www\/wp-content\/uploads\/2023\/12\/jfw-monse-1024x1536.jpg 1024w, https:\/\/www.feuerwehr-attendorn.de\/www\/wp-content\/uploads\/2023\/12\/jfw-monse-1366x2048.jpg 1366w, https:\/\/www.feuerwehr-attendorn.de\/www\/wp-content\/uploads\/2023\/12\/jfw-monse.jpg 1707w\" sizes=\"auto, (max-width: 683px) 100vw, 683px\" \/><\/figure><div class=\"wp-block-media-text__content\">\n<h3 class=\"wp-block-heading\">OBM Josua Monse<\/h3>\n\n\n\n<p><strong>stv. Stadtjugendfeuerwehrwart<\/strong><\/p>\n\n\n\n<p>E-Mail: <a href=\"mailto:j.monse@feuerwehr-attendorn.de\">j.monse@feuerwehr-attendorn.de<\/a><\/p>\n<\/div><\/div>\n\n\n\n<hr class=\"wp-block-separator has-alpha-channel-opacity\"\/>\n\n\n\n<h3 class=\"wp-block-heading\" id=\"zugljfw\">Zugleitung Zug A (Attendorn)<\/h3>\n\n\n\n<p>Der Zug A der Jugendfeuerwehr besteht aus der Jugendfeuerwehrgruppe des L\u00f6schzuges Attendorn.<\/p>\n\n\n\n<p><strong>UBM Steffen Ebeling, Zugleiter<\/strong><br>+49 170 \/ 780 796 3<\/p>\n\n\n\n<p><strong>UBM Lukas Johannes, stv. Zugleiter<\/strong><br>+49 151 \/ 626 327 11<\/p>\n\n\n\n<p><strong>UBM Julian H\u00f6ffer, stv. Zugleiter<\/strong><br>+49 151 \/ 167 219 06<\/p>\n\n\n\n<h3 class=\"wp-block-heading\">Zugleitung Zug B (Ennest)<\/h3>\n\n\n\n<p>Der Zug B der Jugendfeuerwehr besteht aus der Jugendfeuerwehrgruppe des L\u00f6schzuges Ennest.<\/p>\n\n\n\n<p>OBM Felix He\u00dfe, Zugleiter<br>+49 1516 \/ 883 153 4<\/p>\n\n\n\n<p>HFM Maik Rusch, stv. Zugleiter<br>+49 170 \/ 777 098 1<\/p>\n\n\n\n<h3 class=\"wp-block-heading\">Zugleitung Zug C (Repetal)<\/h3>\n\n\n\n<p>Der Zug C der Jugendfeuerwehr besteht aus der Jugendfeuerwehrgruppe der ehemaligen L\u00f6schgruppen D\u00fcnschede und Helden.<\/p>\n\n\n\n<p>OFM Jonas Schulte, stv. Zugleiter<br>+49 160 \/ 509 806 2<\/p>\n\n\n\n<h3 class=\"wp-block-heading\">Zugleitung Zug D (Listerscheid, Neu-Listernohl)<\/h3>\n\n\n\n<p>Der Zug D der Jugendfeuerwehr besteht aus der Jugendfeuerwehrgruppe der L\u00f6schgruppen Listerscheid und Neu-Listernohl<\/p>\n\n\n\n<p>HFF Valentina Forchert, Zugleiterin<br>+49 151 \/ 272 521 44<\/p>\n\n\n\n<p>UBM Sven Kebben, stv. Zugleiter<br>+49 178 \/ 255 071 7<\/p>\n\n\n\n<h3 class=\"wp-block-heading\">Zugleitung Zug E (Lichtringhausen, Windhausen)<\/h3>\n\n\n\n<p>Der Zug E der Jugendfeuerwehr besteht aus der Jugendfeuerwehrgruppe der L\u00f6schgruppen Lichtringhausen und Windhausen.<\/p>\n\n\n\n<p>UBM Jens Stracke, Zugleiter<br>+49 170 \/ 369 173 1<\/p>\n\n\n\n<p>OFM Marcus Arens, stv. Zugleiter<br><\/p>\n","protected":false},"excerpt":{"rendered":"<p>Ihre Ansprechpartner Auf dieser Seite finden Sie Informationen zu den Ansprechpartnern f\u00fcr die&nbsp;Nachwuchsarbeit in der Attendorner Feuerwehr. Als Ansprechpartner f\u00fcr die Jugendfeuerwehr stehen Ihnen die Stadtjugendfeuerwehrwartin und ihre Stellvertreter zur Verf\u00fcgung. Die Stadtjugendfeuerwehrwartin ist durch die Leitung der Feuerwehr mit&hellip;<\/p>\n","protected":false},"author":1,"featured_media":0,"parent":9679,"menu_order":0,"comment_status":"closed","ping_status":"closed","template":"","meta":{"pgc_sgb_lightbox_settings":"","cybocfi_hide_featured_image":"","footnotes":""},"class_list":["post-9826","page","type-page","status-publish","hentry"],"_links":{"self":[{"href":"https:\/\/www.feuerwehr-attendorn.de\/www\/wp-json\/wp\/v2\/pages\/9826","targetHints":{"allow":["GET"]}}],"collection":[{"href":"https:\/\/www.feuerwehr-attendorn.de\/www\/wp-json\/wp\/v2\/pages"}],"about":[{"href":"https:\/\/www.feuerwehr-attendorn.de\/www\/wp-json\/wp\/v2\/types\/page"}],"author":[{"embeddable":true,"href":"https:\/\/www.feuerwehr-attendorn.de\/www\/wp-json\/wp\/v2\/users\/1"}],"replies":[{"embeddable":true,"href":"https:\/\/www.feuerwehr-attendorn.de\/www\/wp-json\/wp\/v2\/comments?post=9826"}],"version-history":[{"count":11,"href":"https:\/\/www.feuerwehr-attendorn.de\/www\/wp-json\/wp\/v2\/pages\/9826\/revisions"}],"predecessor-version":[{"id":10424,"href":"https:\/\/www.feuerwehr-attendorn.de\/www\/wp-json\/wp\/v2\/pages\/9826\/revisions\/10424"}],"up":[{"embeddable":true,"href":"https:\/\/www.feuerwehr-attendorn.de\/www\/wp-json\/wp\/v2\/pages\/9679"}],"wp:attachment":[{"href":"https:\/\/www.feuerwehr-attendorn.de\/www\/wp-json\/wp\/v2\/media?parent=9826"}],"curies":[{"name":"wp","href":"https:\/\/api.w.org\/{rel}","templated":true}]}}