{"id":9866,"date":"2023-12-11T06:26:24","date_gmt":"2023-12-11T05:26:24","guid":{"rendered":"https:\/\/www.feuerwehr-attendorn.de\/www\/?page_id=9866"},"modified":"2023-12-11T06:29:31","modified_gmt":"2023-12-11T05:29:31","slug":"mitgliedschaft","status":"publish","type":"page","link":"https:\/\/www.feuerwehr-attendorn.de\/www\/die-feuerwehr-attendorn\/mitgliedschaft\/","title":{"rendered":"Mitgliedschaft"},"content":{"rendered":"\n<h3 class=\"wp-block-heading\">Mitgliedschaft in der Feuerwehr Attendorn<\/h3>\n\n\n\n<p>Die Einsatzbereitschaft der Attendorner Feuerwehr wird durch ehrenamtliches Personal sichergestellt. Das bedeutet, dass in der Regel kein Personal in Feuerwehrger\u00e4teh\u00e4usern vor Ort ist, sondern nach einem Alarm die Einsatzkr\u00e4fte zun\u00e4chst aus ihrer Freizeit oder von ihrem Arbeitsplatz zum Feuerwehrhaus eilen, sich dort ihre Feuerwehr-Schutzkleidung anlegen, die Einsatzfahrzeuge besetzen und zum Einsatzort ausr\u00fccken.<\/p>\n\n\n\n<p>Neben dem ehrenamtlichen Personal besch\u00e4ftigt die Hansestadt Attendorn derzeit drei hauptamtlich angestellte Feuerwehrger\u00e4tewarte. Eine weitere Vollzeitstelle f\u00fcr die Sachbearbeitung ist der Feuerwehr zugeschrieben. Um das hohe Ma\u00df an Einsatzbereitschaft dauerhaft zu erhalten, sind jedoch motivierte Ehrenamtliche unersetzbar. Die Attendorner Feuerwehr freut sich jederzeit \u00fcber B\u00fcrgerinnen und B\u00fcrger, die Interesse an einer Mitarbeit in der Feuerwehr haben.<\/p>\n\n\n\n<h3 class=\"wp-block-heading\">Voraussetzungen f\u00fcr die Aufnahme in den aktiven Dienst der Feuerwehr<\/h3>\n\n\n\n<p>In den aktiven Dienst der Freiwilligen Feuerwehr (Einsatzabteilung) darf nur aufgenommen werden,<\/p>\n\n\n\n<ul class=\"wp-block-list\">\n<li>wer das 18. Lebensjahr vollendet hat,<\/li>\n\n\n\n<li>den Anforderungen des Feuerwehrdienstes gesundheitlich entspricht und und<\/li>\n\n\n\n<li>wer nicht vorbestraft im Sinne des \u00a7 21 Absatz 2 Nummern 1 bis 3 der <a href=\"https:\/\/recht.nrw.de\/lmi\/owa\/br_text_anzeigen?v_id=75120170529104738871\" data-type=\"link\" data-id=\"https:\/\/recht.nrw.de\/lmi\/owa\/br_text_anzeigen?v_id=75120170529104738871\" target=\"_blank\" rel=\"noreferrer noopener\">VOFF NRW<\/a> ist.<\/li>\n<\/ul>\n\n\n\n<p>F\u00fcr Kinder- und Jugendliche im Alter von 10 &#8211; 17 Jahren besteht die M\u00f6glichkeit der Mitgliedschaft in unserer <a href=\"https:\/\/www.feuerwehr-attendorn.de\/www\/jugendfeuerwehr\/ueberblick-mitgliedschaft\/\" data-type=\"page\" data-id=\"9842\">Jugendfeuerwehr<\/a>. Eine <a href=\"https:\/\/www.feuerwehr-attendorn.de\/www\/kinderfeuerwehr\/\" data-type=\"page\" data-id=\"9681\">Kinderfeuerwehr<\/a> f\u00fcr j\u00fcngere Kinder befindet sich derzeit im Aufbau.<\/p>\n\n\n\n<p>Zum Nachweis der gesundheitlichen Eignung kann die Leiterin oder der Leiter der Feuerwehr die Vorlage eines \u00e4rztlichen Gutachtens verlangen. Sie oder er kann auch die Vorlage eines F\u00fchrungszeugnisses gem\u00e4\u00df \u00a7 30 des Bundeszentralregistergesetzes (BGBl. I S. 1229, 1985 I S. 195) in der jeweils geltenden Fassung verlangen. Die Kosten zum Nachweis der gesundheitlichen Eignung und des F\u00fchrungszeugnisses gem. \u00a7 30 BZRG tr\u00e4gt die Hansestadt Attendorn.<\/p>\n\n\n\n<p>\u00dcber die Aufnahme in die Feuerwehr entscheidet der Leiter Feuerwehr&nbsp;auf Grundlage&nbsp;der <a href=\"https:\/\/recht.nrw.de\/lmi\/owa\/br_text_anzeigen?v_id=75120170529104738871\" target=\"_blank\" rel=\"noreferrer noopener\">Verordnung&nbsp;\u00fcber die Laufbahn der ehrenamtlichen Angeh\u00f6rigen&nbsp;der Freiwilligen Feuerwehr (LVO FF)<\/a>.<\/p>\n\n\n\n<h3 class=\"wp-block-heading\">Ansprechpartner<\/h3>\n\n\n\n<p>Wenn Sie Interesse an einer Mitarbeit in der Feuerwehr Attendorn haben, besuchen Sie doch einmal die Feuerwehreinheit in ihrem Ortsteil. Informationen dazu finden Sie auf der Seite Standorte. Alternativ k\u00f6nnen Sie uns gerne per <a href=\"mailto:info@feuerwehr-attendorn.de\">E-Mail<\/a> kontaktieren.<\/p>\n","protected":false},"excerpt":{"rendered":"<p>Mitgliedschaft in der Feuerwehr Attendorn Die Einsatzbereitschaft der Attendorner Feuerwehr wird durch ehrenamtliches Personal sichergestellt. Das bedeutet, dass in der Regel kein Personal in Feuerwehrger\u00e4teh\u00e4usern vor Ort ist, sondern nach einem Alarm die Einsatzkr\u00e4fte zun\u00e4chst aus ihrer Freizeit oder von&hellip;<\/p>\n","protected":false},"author":1,"featured_media":0,"parent":9602,"menu_order":0,"comment_status":"closed","ping_status":"closed","template":"","meta":{"pgc_sgb_lightbox_settings":"","cybocfi_hide_featured_image":"","footnotes":""},"class_list":["post-9866","page","type-page","status-publish","hentry"],"_links":{"self":[{"href":"https:\/\/www.feuerwehr-attendorn.de\/www\/wp-json\/wp\/v2\/pages\/9866","targetHints":{"allow":["GET"]}}],"collection":[{"href":"https:\/\/www.feuerwehr-attendorn.de\/www\/wp-json\/wp\/v2\/pages"}],"about":[{"href":"https:\/\/www.feuerwehr-attendorn.de\/www\/wp-json\/wp\/v2\/types\/page"}],"author":[{"embeddable":true,"href":"https:\/\/www.feuerwehr-attendorn.de\/www\/wp-json\/wp\/v2\/users\/1"}],"replies":[{"embeddable":true,"href":"https:\/\/www.feuerwehr-attendorn.de\/www\/wp-json\/wp\/v2\/comments?post=9866"}],"version-history":[{"count":2,"href":"https:\/\/www.feuerwehr-attendorn.de\/www\/wp-json\/wp\/v2\/pages\/9866\/revisions"}],"predecessor-version":[{"id":9869,"href":"https:\/\/www.feuerwehr-attendorn.de\/www\/wp-json\/wp\/v2\/pages\/9866\/revisions\/9869"}],"up":[{"embeddable":true,"href":"https:\/\/www.feuerwehr-attendorn.de\/www\/wp-json\/wp\/v2\/pages\/9602"}],"wp:attachment":[{"href":"https:\/\/www.feuerwehr-attendorn.de\/www\/wp-json\/wp\/v2\/media?parent=9866"}],"curies":[{"name":"wp","href":"https:\/\/api.w.org\/{rel}","templated":true}]}}