{"id":9871,"date":"2023-12-11T06:34:01","date_gmt":"2023-12-11T05:34:01","guid":{"rendered":"https:\/\/www.feuerwehr-attendorn.de\/www\/?page_id=9871"},"modified":"2023-12-11T07:02:27","modified_gmt":"2023-12-11T06:02:27","slug":"einrichtungen-des-kreises-olpe","status":"publish","type":"page","link":"https:\/\/www.feuerwehr-attendorn.de\/www\/die-feuerwehr-attendorn\/einrichtungen-des-kreises-olpe\/","title":{"rendered":"Einrichtungen des Kreises Olpe"},"content":{"rendered":"\n<h3 class=\"wp-block-heading\">Einrichtungen des Kreises Olpe<\/h3>\n\n\n\n<p>Die Feuerwehr Attendorn betreibt gleich zwei Einrichtungen des Kreises Olpe.<\/p>\n\n\n\n<p>&gt;&gt; <a href=\"https:\/\/www.feuerwehr-attendorn.de\/www\/die-feuerwehr-attendorn\/einrichtungen-des-kreises-olpe\/atemschutzuebungsanlage\/\" data-type=\"page\" data-id=\"9876\">Atemschutz\u00fcbungsanlage<\/a><\/p>\n\n\n\n<p>&gt;&gt; <a href=\"https:\/\/www.feuerwehr-attendorn.de\/www\/die-feuerwehr-attendorn\/einrichtungen-des-kreises-olpe\/schlauchpflege\/\" data-type=\"page\" data-id=\"9879\">Schlauchpflege<\/a><\/p>\n\n\n\n<h4 class=\"wp-block-heading\">Wechselladerfahrzeug<\/h4>\n\n\n\n<div class=\"wp-block-media-text has-media-on-the-right is-stacked-on-mobile\" style=\"grid-template-columns:auto 35%\"><div class=\"wp-block-media-text__content\">\n<p>Am Standort des L\u00f6schzuges Attendorn ist ein Wechselladerfahrzeug des Kreises Olpe stationiert, welches im Bedarfsfall durch das Personal der Atemschutz\u00fcbungsanlage und der Schlauchpflege besetzt wird. Das Fahrzeug ist das prim\u00e4re Transportfahrzeug f\u00fcr die kreis- und landeseigenen Abrollbeh\u00e4lter<\/p>\n\n\n\n<ul class=\"wp-block-list\">\n<li>Atem- \/ Umweltschutz (Standort LZ Attendorn)<\/li>\n\n\n\n<li>Einsatzleitung (Standort Zentrallager Heggener Weg)<\/li>\n\n\n\n<li>ManV (Standort Zentrallager Heggener Weg)<\/li>\n\n\n\n<li>V-Dekon (Standort Zentrallager Heggener Weg)<\/li>\n\n\n\n<li>Mulde (Standort Zentrallager Heggener Weg)<\/li>\n<\/ul>\n<\/div><figure class=\"wp-block-media-text__media\"><img loading=\"lazy\" decoding=\"async\" width=\"1000\" height=\"750\" src=\"https:\/\/www.feuerwehr-attendorn.de\/www\/wp-content\/uploads\/2023\/12\/fhz-1-wlf26-1.jpg\" alt=\"\" class=\"wp-image-9895 size-full\" srcset=\"https:\/\/www.feuerwehr-attendorn.de\/www\/wp-content\/uploads\/2023\/12\/fhz-1-wlf26-1.jpg 1000w, https:\/\/www.feuerwehr-attendorn.de\/www\/wp-content\/uploads\/2023\/12\/fhz-1-wlf26-1-300x225.jpg 300w, https:\/\/www.feuerwehr-attendorn.de\/www\/wp-content\/uploads\/2023\/12\/fhz-1-wlf26-1-768x576.jpg 768w\" sizes=\"auto, (max-width: 1000px) 100vw, 1000px\" \/><\/figure><\/div>\n\n\n\n<p><\/p>\n\n\n\n<p>Die Eigenschaft als Fahrzeug mit Wechselaufbau erm\u00f6glicht aber auch den flexiblen Transport anderer Abrollbeh\u00e4lter. Die Stadt Attendorn unterh\u00e4lt ein kommunales Wechselladerfahrzeug am Standort des L\u00f6schzuges Ennest. Der Kreis Olpe unterh\u00e4lt zwei weitere Wechselladerfahrzeuge bei den Feuerwehren Drolshagen und Lennestadt. Aus diesem Grund ist auch bei gro\u00dfen Bedarfen an Abrollbeh\u00e4ltern oder technischen Ausf\u00e4llen eine entsprechende Redundanz gegeben. <\/p>\n","protected":false},"excerpt":{"rendered":"<p>Einrichtungen des Kreises Olpe Die Feuerwehr Attendorn betreibt gleich zwei Einrichtungen des Kreises Olpe. &gt;&gt; Atemschutz\u00fcbungsanlage &gt;&gt; Schlauchpflege Wechselladerfahrzeug Die Eigenschaft als Fahrzeug mit Wechselaufbau erm\u00f6glicht aber auch den flexiblen Transport anderer Abrollbeh\u00e4lter. Die Stadt Attendorn unterh\u00e4lt ein kommunales Wechselladerfahrzeug&hellip;<\/p>\n","protected":false},"author":1,"featured_media":0,"parent":9602,"menu_order":0,"comment_status":"closed","ping_status":"closed","template":"","meta":{"pgc_sgb_lightbox_settings":"","cybocfi_hide_featured_image":"","footnotes":""},"class_list":["post-9871","page","type-page","status-publish","hentry"],"_links":{"self":[{"href":"https:\/\/www.feuerwehr-attendorn.de\/www\/wp-json\/wp\/v2\/pages\/9871","targetHints":{"allow":["GET"]}}],"collection":[{"href":"https:\/\/www.feuerwehr-attendorn.de\/www\/wp-json\/wp\/v2\/pages"}],"about":[{"href":"https:\/\/www.feuerwehr-attendorn.de\/www\/wp-json\/wp\/v2\/types\/page"}],"author":[{"embeddable":true,"href":"https:\/\/www.feuerwehr-attendorn.de\/www\/wp-json\/wp\/v2\/users\/1"}],"replies":[{"embeddable":true,"href":"https:\/\/www.feuerwehr-attendorn.de\/www\/wp-json\/wp\/v2\/comments?post=9871"}],"version-history":[{"count":8,"href":"https:\/\/www.feuerwehr-attendorn.de\/www\/wp-json\/wp\/v2\/pages\/9871\/revisions"}],"predecessor-version":[{"id":9900,"href":"https:\/\/www.feuerwehr-attendorn.de\/www\/wp-json\/wp\/v2\/pages\/9871\/revisions\/9900"}],"up":[{"embeddable":true,"href":"https:\/\/www.feuerwehr-attendorn.de\/www\/wp-json\/wp\/v2\/pages\/9602"}],"wp:attachment":[{"href":"https:\/\/www.feuerwehr-attendorn.de\/www\/wp-json\/wp\/v2\/media?parent=9871"}],"curies":[{"name":"wp","href":"https:\/\/api.w.org\/{rel}","templated":true}]}}