{"id":9876,"date":"2023-12-11T06:38:27","date_gmt":"2023-12-11T05:38:27","guid":{"rendered":"https:\/\/www.feuerwehr-attendorn.de\/www\/?page_id=9876"},"modified":"2023-12-15T20:53:14","modified_gmt":"2023-12-15T19:53:14","slug":"atemschutzuebungsanlage","status":"publish","type":"page","link":"https:\/\/www.feuerwehr-attendorn.de\/www\/die-feuerwehr-attendorn\/einrichtungen-des-kreises-olpe\/atemschutzuebungsanlage\/","title":{"rendered":"Atemschutz\u00fcbungsanlage"},"content":{"rendered":"\n<h3 class=\"wp-block-heading\">Atemschutz\u00fcbungsanlage<\/h3>\n\n\n\n<p>Zum Jahreswechsel 2006\/2007 wurde die neue Atemschutz\u00fcbungsanlage des Kreises Olpe in Betrieb genommen. Da die vorherige Anlage aus den 70&#8217;er Jahren den heutigen Anforderungen der DIN 14093 nicht mehr gerecht werden konnte, war eine Neuerrichtung notwendig. Die Standortwahl fiel aufgrund der guten Rahmenbedingungen erneut auf das Feuerwehrger\u00e4tehaus in Attendorn. In den umstrukturierten und renovierten R\u00e4umen des L\u00f6schzuges Attendorn wurde eine hochmoderne \u00dcbungsanlage errichtet, welche die M\u00f6glichkeiten bietet, sowohl die nach FwDv 7 vorgeschriebene Belastungs\u00fcbung, als auch einsatztaktische \u00dcbungen aus den Bereichen GSG und des abwehrenden Brandschutzes durchzuf\u00fchren.<\/p>\n\n\n\n<div class=\"wp-block-columns is-layout-flex wp-container-core-columns-is-layout-9d6595d7 wp-block-columns-is-layout-flex\">\n<div class=\"wp-block-column is-layout-flow wp-block-column-is-layout-flow\"><div class=\"wp-block-image\">\n<figure class=\"aligncenter size-full\"><img loading=\"lazy\" decoding=\"async\" width=\"486\" height=\"341\" src=\"https:\/\/www.feuerwehr-attendorn.de\/www\/wp-content\/uploads\/2023\/12\/aschutz2.jpg\" alt=\"\" class=\"wp-image-9874\" srcset=\"https:\/\/www.feuerwehr-attendorn.de\/www\/wp-content\/uploads\/2023\/12\/aschutz2.jpg 486w, https:\/\/www.feuerwehr-attendorn.de\/www\/wp-content\/uploads\/2023\/12\/aschutz2-300x210.jpg 300w\" sizes=\"auto, (max-width: 486px) 100vw, 486px\" \/><\/figure>\n<\/div><\/div>\n\n\n\n<div class=\"wp-block-column is-layout-flow wp-block-column-is-layout-flow\"><div class=\"wp-block-image\">\n<figure class=\"aligncenter size-full\"><img loading=\"lazy\" decoding=\"async\" width=\"486\" height=\"351\" src=\"https:\/\/www.feuerwehr-attendorn.de\/www\/wp-content\/uploads\/2023\/12\/aschutz1.jpg\" alt=\"\" class=\"wp-image-9875\" srcset=\"https:\/\/www.feuerwehr-attendorn.de\/www\/wp-content\/uploads\/2023\/12\/aschutz1.jpg 486w, https:\/\/www.feuerwehr-attendorn.de\/www\/wp-content\/uploads\/2023\/12\/aschutz1-300x217.jpg 300w\" sizes=\"auto, (max-width: 486px) 100vw, 486px\" \/><\/figure>\n<\/div><\/div>\n<\/div>\n\n\n\n<p>In der computergesteuerten Anlage stehen neben der eigentlichen Orientierungsstrecke ein W\u00e4rmegew\u00f6hnungsraum, eine aufgeheizte, mechanisch-manipulierpare T\u00fcr, eine W\u00e4rmezone, sowie diverse Simulationselemente f\u00fcr eine \u00dcbung zur Verf\u00fcgung. Durch die Installation einer W\u00e4rmebild- und mehrerer Infrarotkameras und der integrierten Visualisierung der R\u00e4ume l\u00e4sst sich jederzeit erkennen, wo sich der \u00dcbende gerade befindet.<\/p>\n\n\n\n<p>Der Nachbau einer LKW-Pritsche, eine Dichtkissen\u00fcbungsanlage, eine Tanksimulationseinrichtung, sowie je eine Dichtmanschetten- und eine Industrie\u00fcbungswand komplettieren das \u00dcbungsangebot.<\/p>\n\n\n\n<p>F\u00fcr die k\u00f6rperliche Belastung der \u00dcbenden sorgen sowohl ein Laufband und eine Endlosleiter, als auch ein Oberk\u00f6rper- und Fahrradergometer. Mit einer zus\u00e4tzlichen, drahtlosen Herzfrequenz\u00fcberwachung ist es m\u00f6glich, den Probanden permanent zu \u00fcberwachen und somit zu sch\u00fctzen. Die komplette \u00dcbungsanlage and alle \u00dcbungen k\u00f6nnen manuell oder \u00fcber PC gesteuert werden. \u00dcber die Software werden alle wichtigen Daten automatisch Erfasst und entsprechend gespeichert.<\/p>\n\n\n\n<p>\u00dcbungstermine k\u00f6nnen in einem Portal gebucht werden. Den Zugang finden Sie hier:<\/p>\n\n\n\n<p>>>> <a href=\"https:\/\/www.feuerwehr-attendorn.de\/atemschbuchung\/login_formular.php\" data-type=\"link\" data-id=\"https:\/\/www.feuerwehr-attendorn.de\/atemschbuchung\/login_formular.php\">Terminverwaltung<\/a><\/p>\n","protected":false},"excerpt":{"rendered":"<p>Atemschutz\u00fcbungsanlage Zum Jahreswechsel 2006\/2007 wurde die neue Atemschutz\u00fcbungsanlage des Kreises Olpe in Betrieb genommen. Da die vorherige Anlage aus den 70&#8217;er Jahren den heutigen Anforderungen der DIN 14093 nicht mehr gerecht werden konnte, war eine Neuerrichtung notwendig. Die Standortwahl fiel&hellip;<\/p>\n","protected":false},"author":1,"featured_media":0,"parent":9871,"menu_order":0,"comment_status":"closed","ping_status":"closed","template":"","meta":{"pgc_sgb_lightbox_settings":"","cybocfi_hide_featured_image":"","footnotes":""},"class_list":["post-9876","page","type-page","status-publish","hentry"],"_links":{"self":[{"href":"https:\/\/www.feuerwehr-attendorn.de\/www\/wp-json\/wp\/v2\/pages\/9876","targetHints":{"allow":["GET"]}}],"collection":[{"href":"https:\/\/www.feuerwehr-attendorn.de\/www\/wp-json\/wp\/v2\/pages"}],"about":[{"href":"https:\/\/www.feuerwehr-attendorn.de\/www\/wp-json\/wp\/v2\/types\/page"}],"author":[{"embeddable":true,"href":"https:\/\/www.feuerwehr-attendorn.de\/www\/wp-json\/wp\/v2\/users\/1"}],"replies":[{"embeddable":true,"href":"https:\/\/www.feuerwehr-attendorn.de\/www\/wp-json\/wp\/v2\/comments?post=9876"}],"version-history":[{"count":3,"href":"https:\/\/www.feuerwehr-attendorn.de\/www\/wp-json\/wp\/v2\/pages\/9876\/revisions"}],"predecessor-version":[{"id":9910,"href":"https:\/\/www.feuerwehr-attendorn.de\/www\/wp-json\/wp\/v2\/pages\/9876\/revisions\/9910"}],"up":[{"embeddable":true,"href":"https:\/\/www.feuerwehr-attendorn.de\/www\/wp-json\/wp\/v2\/pages\/9871"}],"wp:attachment":[{"href":"https:\/\/www.feuerwehr-attendorn.de\/www\/wp-json\/wp\/v2\/media?parent=9876"}],"curies":[{"name":"wp","href":"https:\/\/api.w.org\/{rel}","templated":true}]}}