{"id":9879,"date":"2023-12-11T06:42:06","date_gmt":"2023-12-11T05:42:06","guid":{"rendered":"https:\/\/www.feuerwehr-attendorn.de\/www\/?page_id=9879"},"modified":"2023-12-11T06:43:36","modified_gmt":"2023-12-11T05:43:36","slug":"schlauchpflege","status":"publish","type":"page","link":"https:\/\/www.feuerwehr-attendorn.de\/www\/die-feuerwehr-attendorn\/einrichtungen-des-kreises-olpe\/schlauchpflege\/","title":{"rendered":"Schlauchpflege"},"content":{"rendered":"\n<h3 class=\"wp-block-heading\">Schlauchpflege<\/h3>\n\n\n\n<p>Seit Beginn des Jahres 2007 ist die Schlauchpflegerei des Kreises Olpe in Attendorn beheimatet. Eigens f\u00fcr diesen Zweck errichtete die Stadt Attendorn ein neues Geb\u00e4ude auf dem Gel\u00e4nde des Feuerwehrger\u00e4tehauses in Attendorn.<\/p>\n\n\n<div class=\"wp-block-image\">\n<figure class=\"aligncenter size-full\"><img loading=\"lazy\" decoding=\"async\" width=\"486\" height=\"400\" src=\"https:\/\/www.feuerwehr-attendorn.de\/www\/wp-content\/uploads\/2023\/12\/schlauchpfl1.jpg\" alt=\"\" class=\"wp-image-9880\" srcset=\"https:\/\/www.feuerwehr-attendorn.de\/www\/wp-content\/uploads\/2023\/12\/schlauchpfl1.jpg 486w, https:\/\/www.feuerwehr-attendorn.de\/www\/wp-content\/uploads\/2023\/12\/schlauchpfl1-300x247.jpg 300w\" sizes=\"auto, (max-width: 486px) 100vw, 486px\" \/><\/figure>\n<\/div>\n\n\n<p><\/p>\n\n\n\n<p>Neben der eigentlichen Schlauchwaschanlage sind in diesem Geb\u00e4ude auch eine Werkstatt, sowie Lager- und Sanit\u00e4rr\u00e4ume untergebracht. Au\u00dferdem wurde die Waschanlage f\u00fcr die Chemikalienschutzanz\u00fcge (CSA) in dem neuen Geb\u00e4ude installiert.<\/p>\n\n\n\n<h5 class=\"wp-block-heading has-text-align-center\"><mark style=\"background-color:rgba(0, 0, 0, 0)\" class=\"has-inline-color has-vivid-red-color\">Die Kreisschlauchpflege ist montags und mittwochs von 18:00 Uhr bis 20:00 Uhr ge\u00f6ffnet.<\/mark><\/h5>\n\n\n\n<p>In diesen Zeiten besteht f\u00fcr die Feuerwehren des Kreises Olpe die M\u00f6glichkeit ihre verschmutzten Schl\u00e4uche zu tauschen, bzw. die CSA zur Reinigung abzugeben.<\/p>\n\n\n\n<p>In dringenden F\u00e4llen&nbsp;ist das Team der Schlauchpflege&nbsp;\u00fcber die Kreisleitstelle Olpe \u00fcber digitale Meldeempf\u00e4nger&nbsp;zu alarmieren.<\/p>\n","protected":false},"excerpt":{"rendered":"<p>Schlauchpflege Seit Beginn des Jahres 2007 ist die Schlauchpflegerei des Kreises Olpe in Attendorn beheimatet. Eigens f\u00fcr diesen Zweck errichtete die Stadt Attendorn ein neues Geb\u00e4ude auf dem Gel\u00e4nde des Feuerwehrger\u00e4tehauses in Attendorn. Neben der eigentlichen Schlauchwaschanlage sind in diesem&hellip;<\/p>\n","protected":false},"author":1,"featured_media":0,"parent":9871,"menu_order":0,"comment_status":"closed","ping_status":"closed","template":"","meta":{"pgc_sgb_lightbox_settings":"","cybocfi_hide_featured_image":"","footnotes":""},"class_list":["post-9879","page","type-page","status-publish","hentry"],"_links":{"self":[{"href":"https:\/\/www.feuerwehr-attendorn.de\/www\/wp-json\/wp\/v2\/pages\/9879","targetHints":{"allow":["GET"]}}],"collection":[{"href":"https:\/\/www.feuerwehr-attendorn.de\/www\/wp-json\/wp\/v2\/pages"}],"about":[{"href":"https:\/\/www.feuerwehr-attendorn.de\/www\/wp-json\/wp\/v2\/types\/page"}],"author":[{"embeddable":true,"href":"https:\/\/www.feuerwehr-attendorn.de\/www\/wp-json\/wp\/v2\/users\/1"}],"replies":[{"embeddable":true,"href":"https:\/\/www.feuerwehr-attendorn.de\/www\/wp-json\/wp\/v2\/comments?post=9879"}],"version-history":[{"count":5,"href":"https:\/\/www.feuerwehr-attendorn.de\/www\/wp-json\/wp\/v2\/pages\/9879\/revisions"}],"predecessor-version":[{"id":9887,"href":"https:\/\/www.feuerwehr-attendorn.de\/www\/wp-json\/wp\/v2\/pages\/9879\/revisions\/9887"}],"up":[{"embeddable":true,"href":"https:\/\/www.feuerwehr-attendorn.de\/www\/wp-json\/wp\/v2\/pages\/9871"}],"wp:attachment":[{"href":"https:\/\/www.feuerwehr-attendorn.de\/www\/wp-json\/wp\/v2\/media?parent=9879"}],"curies":[{"name":"wp","href":"https:\/\/api.w.org\/{rel}","templated":true}]}}