{"id":9901,"date":"2023-12-11T07:49:33","date_gmt":"2023-12-11T06:49:33","guid":{"rendered":"https:\/\/www.feuerwehr-attendorn.de\/www\/?page_id=9901"},"modified":"2023-12-11T07:49:33","modified_gmt":"2023-12-11T06:49:33","slug":"impressum","status":"publish","type":"page","link":"https:\/\/www.feuerwehr-attendorn.de\/www\/impressum\/","title":{"rendered":"Impressum"},"content":{"rendered":"\n<h3 class=\"wp-block-heading\">Impressum<\/h3>\n\n\n\n<p><strong>Freiwillige Feuerwehr<br>der Hansestadt Attendorn<br><\/strong> Feuerwehrger\u00e4tehaus<br>St.-Ursula-Stra\u00dfe 5<br>57439 Attendorn<br>Tel. 0 27 22 \/ 92 89 200<br>Fax 0 27 22 \/ 92 89 202<br>e-Mail: info@feuerwehr-attendorn.de<\/p>\n\n\n\n<p><strong>Dienstanbieter im Sinne des \u00a75 Telemediengesetz (TMG):<\/strong><br>Hansestadt Attendorn<br>&#8211; Der B\u00fcrgermeister &#8211;<br>Rathaus<br>K\u00f6lner Stra\u00dfe 12<br>57439 Attendorn<br>Tel. 0 27 22 \/ 64 200<br>Fax 0 27 22 \/ 64 421<\/p>\n\n\n\n<p><strong>Redaktionell verantwortlich:<\/strong><br>Christian Schnatz, Pressesprecher<br>L\u00f6schzug Attendorn<br>c.schnatz@feuerwehr-attendorn.de<\/p>\n\n\n\n<p><strong>Konzept &amp; Realisierung \/ Programmierung:<\/strong><br>Sascha Klein, Webmaster<br>L\u00f6schzug Attendorn<br>s.klein@feuerwehr-attendorn.de<\/p>\n\n\n\n<p>Guten Tag,<\/p>\n\n\n\n<p>Sie befinden sich auf der offiziellen Internetseite der Freiwilligen Feuerwehr der Hansestadt Attendorn &#8211; http:\/\/www.feuerwehr-attendorn.de, http:\/\/www.attendorner-feuerwehr.de &amp; http:\/\/www.jugendfeuerwehr-attendorn.de .<\/p>\n\n\n\n<p><strong>Die redaktionelle Verantwortung f\u00fcr diese Inhalte liegt &#8211; soweit nicht anders angegeben &#8211; bei:<\/strong> Christian Schnatz, Pressesprecher, L\u00f6schzug Attendorn<\/p>\n\n\n\n<p>Von diesen eigenen Inhalten sind Querverweise (sog. &#8222;Links&#8220;) auf die von anderen Anbietern bereitgehaltenen Inhalte zu unterscheiden. Die redaktionelle Verantwortung f\u00fcr diese \u00fcbrigen Inhalte liegt beim jeweiligen Anbieter. Bitte beachten Sie bei allen feuerwehrfremden Angeboten das zugeh\u00f6rige Impressum. Die Freiwillige Feuerwehr der Hansestadt Attendorn hat bei der erstmaligen Verkn\u00fcpfung die fremden Inhalte gesichtet. Da es sich bei Links aber um dynamische Verweisungen handelt, k\u00f6nnen die fremden Inhalte zwischenzeitlich ge\u00e4ndert worden sein, ohne dass wir hiervon Kenntnis erlangt haben. Deshalb haftet die Freiwillige Feuerwehr der Hansestadt Attendorn bzw. die Hansestadt Attendorn ausdr\u00fccklich nicht f\u00fcr Inhalte fremder Angebote, die \u00fcber Links erreicht werden k\u00f6nnen.<\/p>\n\n\n\n<p>Es wird damit ausschlie\u00dflich f\u00fcr die Website der Freiwillige Feuerwehr der Hansestadt Attendorn gehaftet. Die Websites, auf welche durch Querverweise (Links) Bezug genommen wird, wurden auf ihren rechtm\u00e4\u00dfigen Inhalt hin \u00fcberpr\u00fcft. Aus dem Rechtsgedanken des \u00a7 8 II TDG, der auch f\u00fcr den Rechtsbereich &#8222;Haftung f\u00fcr Links&#8220; gilt, ergibt sich, dass den Hersteller\/Urheber einer Website keine Nachforschungspflicht bzgl. der verlinkten Websites trifft. Der Hersteller\/Urheber ist somit nicht zur st\u00e4ndigen \u00dcberwachung der verlinkten Seiten verpflichtet.<\/p>\n\n\n\n<p>Mit Urteil vom 12. Mai 1998 hat das Landgericht Hamburg entschieden, dass durch das Setzen eines Links die Inhalte der gelinkten Seite ggf. mitzuverantworten seien. Dies k\u00f6nne &#8211; so das Landgericht &#8211; nur dadurch verhindert werden, dass eine ausdr\u00fcckliche Distanzierung von fremden Inhalten erfolge. Die Freiwillige Feuerwehr der Hansestadt Attendorn hat auf ihren Seiten zahlreiche Links zu anderen Seiten im Internet eingetragen. F\u00fcr s\u00e4mtliche Links gilt: Wir erkl\u00e4ren ausdr\u00fccklich, dass wir keinerlei Einfluss auf die Gestaltung und die Inhalte der angelinkten Seiten haben. Deshalb distanzieren wir uns hiermit ausdr\u00fccklich von allen Inhalten jeder angelinkten Seite und machen uns deren Inhalte nicht zu eigen. Diese Erkl\u00e4rung gilt f\u00fcr alle externen Links und f\u00fcr alle Inhalte fremder Seiten, zu denen bei uns sichtbare Buttons oder sonstige Verweise f\u00fchren.<\/p>\n\n\n\n<p><strong>Urheberrechtshinweise<\/strong><\/p>\n\n\n\n<p>Die Inhalte und Programme dieser Website sind durch uns urheberrechtlich gesch\u00fctzt. Alle Rechte daran behalten wir uns vor.<\/p>\n\n\n\n<p>Teile dieser Website k\u00f6nnen Bilder oder Texte beinhalten, die dem Urheberrecht Dritter unterliegen. Die Urheberrechtshinweise in diesen F\u00e4llen sind an entsprechenden Stellen vermerkt.<\/p>\n\n\n\n<p>Informationen auf dieser Website, einschlie\u00dflich Texten und Bildern, d\u00fcrfen &#8211; sofern nicht ausdr\u00fccklich anders bestimmt &#8211; ohne unsere schriftliche Genehmigung nicht vervielf\u00e4ltigt, transferiert, vertrieben oder gespeichert werden. Modifikationen des Inhalts unserer Website sind ausdr\u00fccklich untersagt.<\/p>\n\n\n\n<p><strong>Haftungsausschluss<\/strong><\/p>\n\n\n\n<p>Die bereitgestellten Informationen auf dieser Website wurden von uns sorgf\u00e4ltig gepr\u00fcft und werden regelm\u00e4\u00dfig aktualisiert. Jedoch kann keine Garantie daf\u00fcr \u00fcbernommen werden, dass alle Angaben zu jeder Zeit vollst\u00e4ndig, richtig und in letzter Aktualit\u00e4t dargestellt sind. Dies gilt insbesondere f\u00fcr alle Verbindungen (&#8222;Links&#8220;) zu anderen Internetseiten, auf die direkt oder indirekt verwiesen wird. Alle Angaben k\u00f6nnen ohne vorherige Ank\u00fcndigung erg\u00e4nzt, entfernt oder ge\u00e4ndert werden<\/p>\n\n\n\n<p>Au\u00dferdem liegt es nicht in unserer Verantwortung, Vorsichtsma\u00dfnahmen zu ergreifen gegen destruktive Programme oder Programmteile wie Viren, Worms, Trojanische Pferde o.\u00e4., die auf Webservern liegen und m\u00f6glicherweise durch Links von unserer Website aus zu erreichen sind.<\/p>\n","protected":false},"excerpt":{"rendered":"<p>Impressum Freiwillige Feuerwehrder Hansestadt Attendorn Feuerwehrger\u00e4tehausSt.-Ursula-Stra\u00dfe 557439 AttendornTel. 0 27 22 \/ 92 89 200Fax 0 27 22 \/ 92 89 202e-Mail: info@feuerwehr-attendorn.de Dienstanbieter im Sinne des \u00a75 Telemediengesetz (TMG):Hansestadt Attendorn&#8211; Der B\u00fcrgermeister &#8211;RathausK\u00f6lner Stra\u00dfe 1257439 AttendornTel. 0 27 22&hellip;<\/p>\n","protected":false},"author":1,"featured_media":0,"parent":0,"menu_order":0,"comment_status":"closed","ping_status":"closed","template":"","meta":{"pgc_sgb_lightbox_settings":"","cybocfi_hide_featured_image":"","footnotes":""},"class_list":["post-9901","page","type-page","status-publish","hentry"],"_links":{"self":[{"href":"https:\/\/www.feuerwehr-attendorn.de\/www\/wp-json\/wp\/v2\/pages\/9901","targetHints":{"allow":["GET"]}}],"collection":[{"href":"https:\/\/www.feuerwehr-attendorn.de\/www\/wp-json\/wp\/v2\/pages"}],"about":[{"href":"https:\/\/www.feuerwehr-attendorn.de\/www\/wp-json\/wp\/v2\/types\/page"}],"author":[{"embeddable":true,"href":"https:\/\/www.feuerwehr-attendorn.de\/www\/wp-json\/wp\/v2\/users\/1"}],"replies":[{"embeddable":true,"href":"https:\/\/www.feuerwehr-attendorn.de\/www\/wp-json\/wp\/v2\/comments?post=9901"}],"version-history":[{"count":1,"href":"https:\/\/www.feuerwehr-attendorn.de\/www\/wp-json\/wp\/v2\/pages\/9901\/revisions"}],"predecessor-version":[{"id":9902,"href":"https:\/\/www.feuerwehr-attendorn.de\/www\/wp-json\/wp\/v2\/pages\/9901\/revisions\/9902"}],"wp:attachment":[{"href":"https:\/\/www.feuerwehr-attendorn.de\/www\/wp-json\/wp\/v2\/media?parent=9901"}],"curies":[{"name":"wp","href":"https:\/\/api.w.org\/{rel}","templated":true}]}}